{"id":2343,"date":"2024-04-24T15:02:42","date_gmt":"2024-04-24T15:02:42","guid":{"rendered":"https:\/\/www.integratedlomilomi.com\/?page_id=2343"},"modified":"2026-04-17T07:00:44","modified_gmt":"2026-04-17T07:00:44","slug":"ajanlott-masszorok","status":"publish","type":"page","link":"https:\/\/www.integratedlomilomi.com\/en\/recommended-practicioners\/","title":{"rendered":"Recommended therapists"},"content":{"rendered":"<p><\/p>\n<pre><b>MAGYARORSZ\u00c1G<\/b>\r\n\r\n<b>ANDORNAKT\u00c1LYA<\/b>\r\n\r\negyeri Zolt\u00e1n S\u00e1ndor\r\n\r\nTel.: +36-30\/279-5020\r\n\r\n<a href=\"mailto:megyeri.zoltan.sandor@gmail.com\">megyeri.zoltan.sandor@gmail.com<\/a>\r\n\r\n<a href=\"https:\/\/www.facebook.com\/LomilomiEger\">Fb\u00a0<\/a>\r\n\r\n*****\r\n\r\n<b>BAJA<\/b>\r\n\r\nSzenczi \u00c9va\r\n\r\nLaz\u00edt-lak\r\n\r\nTel.: +36-70\/773-2889\r\n\r\n*****\r\n\r\n\r\n<b>BALATONALM\u00c1DI, BALATONF\u00dcRED<\/b>\r\n\r\n\r\nNagy Adrienn\r\n\r\n<a href=\"http:\/\/vandorlovarazskert.hu\/\">vandorlovarazskert.hu<\/a>\r\n\r\n<a href=\"https:\/\/www.facebook.com\/profile.php?id=100070904604371\">https:\/\/www.facebook.com\/profile.php?id=100070904604371<\/a>\r\n\r\nTel.: +36-30\/642-0609\r\n\r\n\r\n*****\r\n\r\n\r\n<b>BUDA\u00d6RS<\/b>\r\n\r\n\r\nCzirj\u00e1k Roberta\r\n\r\nTel.: +36-70\/362-0205\r\n\r\n<a href=\"https:\/\/www.facebook.com\/robertamassagetherap\">FB<\/a>\r\n\r\n\r\n*****\r\n\r\n<b>BUDAPEST<\/b>\r\n\r\n<b>I. ker\u00fclet:<\/b>\r\n\r\nVadkerti Melinda\r\n\r\nL\u00e9t\u00e9rz\u00e9s lomi lomi massz\u00e1zs\r\n\r\n<a href=\"https:\/\/www.instagram.com\/leterzes_lomilomimasszazs?igsh=Y2U1YWgyeXdkOWpr\">https:\/\/www.instagram.com\/leterzes_lomilomimasszazs?igsh=Y2U1YWgyeXdkOWpr<\/a>\r\n\r\n\r\n\r\n*****\r\n\r\n<b>II.ker\u00fclet:<\/b>\r\n\r\nJuh\u00e1sz Gergely\r\n\r\nBimb\u00f3 \u00fat 30.\r\n\r\nTel.: +36-70\/553-3047\r\n\r\n<a href=\"mailto:jgergo7@gmail.com\">jgergo7@gmail.com<\/a>\r\n\r\n<a href=\"http:\/\/www.juhaszgergely.hu\/\">www.juhaszgergely.hu<\/a>\r\n\r\n<a href=\"https:\/\/www.facebook.com\/profile.php?id=100088478550036\">https:\/\/www.facebook.com\/profile.php?id=100088478550036<\/a>\r\n\r\n\r\n\r\n*****\r\n\r\nKiss Vikt\u00f3ria\r\n\r\nHangillat \/ R\u00f3zsadomb Lomi\r\n\r\nPajzs utca 16.\r\n\r\nTel.: +36-30\/253-8542\r\n\r\n<a href=\"https:\/\/hangillat.dotreat.com\/\">https:\/\/hangillat.dotreat.com\/<\/a>\r\n\r\n<a href=\"https:\/\/www.facebook.com\/hangillat\/\">Hangillat<\/a>\r\n\r\n<a href=\"https:\/\/www.facebook.com\/rozsadomblomi\/\">https:\/\/www.facebook.com\/rozsadomblomi\/<\/a>\r\n\r\n<a href=\"https:\/\/www.instagram.com\/hangillat\/\">https:\/\/www.instagram.com\/hangillat\/<\/a>\r\n\r\n<b><\/b>\r\n\r\n\r\n*****\r\n\r\n\r\nLenkefi Zita\r\n\r\nTel.: +36-20\/984-1127\r\n\r\n\r\n\r\n*****\r\n\r\n<b>IV.ker\u00fclet<\/b>\r\n\r\nHonti M\u00f3nika\r\n\r\n<a href=\"https:\/\/www.facebook.com\/moncsih555\">https:\/\/www.facebook.com\/moncsih555<\/a>\r\n\r\n\r\n*****\r\n\r\n<b>V. ker\u00fclet:<\/b>\r\n\r\nHajdu-Natkai \u00c1gnes\r\n\r\n<a href=\"http:\/\/natkaiagi.hu\/\">http:\/\/natkaiagi.hu\/<\/a>\r\n\r\n<a href=\"http:\/\/www.hawaiihula.hu\/\">http:\/\/www.hawaiihula.hu\/<\/a>\r\n\r\n\r\n\r\n\r\n*****\r\n\r\n\r\n<b>VII. ker\u00fclet<\/b>\r\n\r\nBoda Judit\r\n\r\nV\u00e1ltoz\u00e1s Seg\u00edt\u0151 m\u0171hely\r\n\r\nDamjanich utca\r\n\r\n<a href=\"https:\/\/www.facebook.com\/profile.php?id=100067475894670\">Fb<\/a>\r\n\r\n\r\n*****\r\n\r\nSalamon \u00c1gnes\r\n\r\nNefelejcs utca 54. 1 emelet l.\r\n\r\n<a href=\"http:\/\/salamonagnes.hu\/\">salamonagnes.hu<\/a>\r\n\r\n<a href=\"https:\/\/www.facebook.com\/salamonmassage\/\">https:\/\/www.facebook.com\/salamonmassage\/<\/a>\r\n\r\n\r\n*****\r\n\r\n<b>VIII. ker\u00fclet<\/b>\r\n\r\nKocsiczki Ingrid\r\n\r\n<a href=\"https:\/\/www.facebook.com\/profile.php?id=100067700538028\">F\u00f6nix rendel\u0151<\/a>\r\n\r\n<span class=\"html-span xdj266r x14z9mp xat24cr x1lziwak xexx8yu xyri2b x18d9i69 x1c1uobl x1hl2dhg x16tdsg8 x1vvkbs x4k7w5x x1h91t0o x1h9r5lt x1jfb8zj xv2umb2 x1beo9mf xaigb6o x12ejxvf x3igimt xarpa2k xedcshv x1lytzrv x1t2pt76 x7ja8zs x1qrby5j\"><span class=\"x193iq5w xeuugli x13faqbe x1vvkbs x1xmvt09 x1lliihq x1s928wv xhkezso x1gmr53x x1cpjm7i x1fgarty x1943h6x xudqn12 x3x7a5m x6prxxf xvq8zen xo1l8bm xzsf02u\" dir=\"auto\">1083 Budapest Szigony utca 4. Fszt. Tel . 06209580233<\/span><\/span>\r\n\r\n*****\r\n<b>XI. ker\u00fclet<\/b>\r\n\r\nNagy Eszter\r\n\r\n<a href=\"http:\/\/facebook.com\/eletlelegzete\">facebook.com\/eletlelegzete<\/a>\r\n\r\nTel.: +36-30\/647-8567\r\n\r\n*****\r\n<b>XII. ker\u00fclet<\/b>\r\n\r\nDud\u00e1s Krisztina\r\n\r\n<a href=\"https:\/\/dudaskrisztina.hu\/\">https:\/\/dudaskrisztina.hu\/<\/a>\r\n\r\n<a href=\"https:\/\/www.facebook.com\/dudas.krisztina.masszazs\">https:\/\/www.facebook.com\/dudas.krisztina.masszazs<\/a>\r\n\r\n\r\n*****\r\n\r\nHerczegh Katalin\r\n\r\nL\u00e9lektakar\u00f3 \/ Csend T\u00e9r\r\n\r\nZirzen Janka utca 27.\r\n\r\n<a href=\"http:\/\/www.lelektakaro.hu\/\">www.lelektakaro.hu<\/a>\r\n\r\n<a href=\"https:\/\/www.facebook.com\/CsendTer\">https:\/\/www.facebook.com\/CsendTer<\/a>\r\n\r\n<a href=\"https:\/\/www.facebook.com\/Lelektakaro\">https:\/\/www.facebook.com\/Lelektakaro<\/a>\r\n\r\nTel.: +36-70\/299-1715\r\n\r\n\r\n*****\r\n\r\nN\u00e9meth Szilvia\r\n\r\n<a href=\"mailto:nemethszilvi@gmail.com\">nemethszilvi@gmail.com<\/a>\r\n\r\nTel.: +36-30\/363-4124\r\n\r\n\r\n*****\r\n\r\n<b>XIII. ker\u00fclet<\/b>\r\n\r\nDud\u00e1s Krisztina\r\n\r\n<a href=\"https:\/\/dudaskrisztina.hu\/\">https:\/\/dudaskrisztina.hu\/<\/a>\r\n\r\n<a href=\"https:\/\/www.facebook.com\/dudas.krisztina.masszazs\">https:\/\/www.facebook.com\/dudas.krisztina.masszazs<\/a>\r\n\r\n\r\n*****\r\n\r\nKaragianni Niki\r\n\r\nTisza utca 11.\r\n\r\nTel.\/WhatsApp: +36-70\/229-5735\r\n\r\n*****\r\n\r\nPapp Be\u00e1ta\r\n\r\nRelax kuck\u00f3\r\n\r\nT\u00e1tra utca 12\/A 1. cseng\u0151\r\n\r\nTel.: +36-30\/466-6762\r\n\r\n<a href=\"mailto:beatapanyola@gmail.com\">beatapanyola@gmail.com<\/a>\r\n\r\n\r\n*****\r\n\r\n<b>XIV. ker\u00fclet<\/b>\r\n\r\nSzab\u00f3 Rita\r\n\r\nSzugl\u00f3 u. 125\/D\r\n\r\nTel.: +36-30\/932-3728\r\n\r\n\r\n*****\r\n\r\nTak\u00e1cs Bal\u00e1zs\r\n\r\nEmma k\u00f6z 1. 1\/5. 5-\u00f6s cseng\u0151\r\n\r\n<a href=\"https:\/\/balazstakacs.hu\/\">https:\/\/balazstakacs.hu\/<\/a>\r\n\r\n<a href=\"mailto:hello@balazstakacs.hu\">hello@balazstakacs.hu<\/a>\r\n\r\nTel.: +36-30\/438-1520\r\n\r\n<a href=\"https:\/\/www.facebook.com\/takacsbalazsmasszazs\/\">https:\/\/www.facebook.com\/takacsbalazsmasszazs\/<\/a>\r\n\r\n<a href=\"https:\/\/www.instagram.com\/takacsbalazsmasszazs\/\">https:\/\/www.instagram.com\/takacsbalazsmasszazs\/<\/a>\r\n\r\n*****\r\n\r\n\r\n<b>XVI. ker\u00fclet<\/b>\r\n\r\nBotk\u00e1n\u00e9 Hajd\u00fa M\u00f3nika\r\n\r\nGordonka utca 59.\r\n\r\nTel.: +36-30\/813-4322\r\n\r\n<a href=\"https:\/\/www.facebook.com\/profile.php?id=61550342882991\">https:\/\/www.facebook.com\/profile.php?id=61550342882991<\/a>\r\n\r\n\r\n\r\n*****\r\n\r\n<b>XVIII. ker\u00fclet<\/b>\r\n\r\n\u00c1gai Szilvia\r\n\r\nArany J\u00e1nos u. 15.\r\n\r\nTel.: +36-30\/386-9675\r\n\r\n*****\r\n\r\n\r\n\r\nHorv\u00e1th Irma\r\n\r\n<a href=\"https:\/\/www.facebook.com\/profile.php?id=61553971536685\">https:\/\/www.facebook.com\/profile.php?id=61553971536685<\/a>\r\n\r\n<a href=\"http:\/\/www.horvathirma.hu\/\">www.horvathirma.hu<\/a>\r\n\r\n\r\n*****\r\n\r\nMegyeri Zolt\u00e1n S\u00e1ndor\r\n\r\nTel.: +36-30\/279-5020\r\n\r\n<a href=\"mailto:megyeri.zoltan.sandor@gmail.com\">megyeri.zoltan.sandor@gmail.com<\/a>\r\n\r\n<a href=\"https:\/\/www.facebook.com\/LomilomiEger\">Fb\u00a0<\/a>\r\n\r\n\r\n*****\r\n\r\n<b>CSERSZEGTOMAJ<\/b>\r\n\r\nSz\u00e1nt\u00f3 Szilvia, T\u00fcke P\u00e9ter\r\n\r\nK\u00e1polna sor 86.\r\n\r\nTel.\/WhatsApp: +36-20\/330-6112\r\n\r\n<a href=\"http:\/\/www.verdeola.com\/\">www.verdeola.com<\/a>\r\n\r\n<a href=\"mailto:info@verdeola.com\">info@verdeola.com<\/a>\r\n\r\nInsta: verdeolamasajeyoga\r\n\r\nFacebook: VERDE OLA Masaje y Yoga\u00e9\r\n\r\n*****\r\n\r\n\r\n<b>ETYEK<\/b>\r\n\r\nVajda M\u00f3nika\r\n\r\nFlaming\u00f3 Panzi\u00f3 \u00e9s Borh\u00e1z\r\n\r\nB\u00e1thori u. 16.\r\n\r\n<a href=\"https:\/\/www.facebook.com\/lomimasszazsetyek\">https:\/\/www.facebook.com\/lomimasszazsetyek<\/a>\r\n\r\n*****\r\n\r\n<b>FERT\u0150R\u00c1KOS<\/b>\r\n\r\nVarga Istv\u00e1n\r\n\r\nHoldtenger\r\n\r\n<a href=\"https:\/\/www.facebook.com\/holdtenger\">https:\/\/www.facebook.com\/holdtenger<\/a>\r\n\r\n<a href=\"http:\/\/www.holdtenger.hu\/\">www.holdtenger.hu<\/a>\r\n\r\n*****\r\n\r\n<b>G\u00d6D\u00d6LL\u0150<\/b>\r\n\r\n\r\nBoda Judit\r\n\r\nSz\u00e9chenyi utca 5.\r\n\r\n<a href=\"https:\/\/www.facebook.com\/profile.php?id=100067475894670\">Fb<\/a>\r\n\r\n*****\r\n\r\nSteiner Attila\r\n\r\nSzabadon sz\u00e1rnyalok massz\u00e1zs\r\n\r\n<a href=\"https:\/\/www.facebook.com\/masszazsaloha\">https:\/\/www.facebook.com\/masszazsaloha<\/a>\r\n\r\n\r\n*****\r\n\r\n<b>GY\u00d6MR\u0150<\/b>\r\n\r\nSimon-Nagy Ol\u00edvia\r\n\r\nMolokai Lomilomi massz\u00e1zs\r\n\r\n<a href=\"https:\/\/www.facebook.com\/molokai.lomilomi.masszazs\">https:\/\/www.facebook.com\/molokai.lomilomi.masszazs<\/a>\r\n\r\nTel.:\u00a0+36-70\/243-5296\r\n\r\n<a href=\"mailto:molokai.lomilomi.masszazs@gmail.com\">molokai.lomilomi.masszazs@gmail.com<\/a>\r\n\r\n\r\n*****\r\n\r\n<b>GY\u0150R<\/b>\r\n\r\nBajor Veronika, Lampert \u00c1rp\u00e1d\r\n\r\nMoana Massz\u00e1zs St\u00fadi\u00f3\r\n\r\nDamjanich u. 3.\r\n\r\n<a href=\"http:\/\/www.lomilomigyorben.hu\/\">www.lomilomigyorben.hu<\/a><a href=\"https:\/\/www.facebook.com\/lomilomigyorben\">FB<\/a>\r\n\r\n\r\n*****\r\n\r\nMocs\u00e1n Ren\u00e1ta\r\nTel.: +36-70\/636-1041\r\n\r\n*****\r\n\r\n<b>J\u00c1SZBOLDOGH\u00c1ZA\u00a0<\/b>\r\n\r\nBalog Tibor\r\n\r\nBajnok u 15.\r\n\r\nTel.: +36-20\/299-1447\r\n\r\n<a href=\"mailto:tibor.balog55@gmail.com\">tibor.balog55@gmail.com<\/a>\r\n\r\n\r\n*****\r\n\r\n<b>R\u00c1CALM\u00c1S<\/b>\r\n\r\nSzak\u00e1cs M\u00f3nika\r\n\r\nJankovich Hotel\r\n\r\nJankovich Mikl\u00f3s k\u00f6z 1.\r\n\r\nTel.: +36-30\/336-8081\r\n\r\n<a href=\"https:\/\/www.facebook.com\/monika.szakacs.1\">Facebook\/messenger<\/a>\r\n\r\n<a href=\"mailto:minea70@gmail.com\">minea70@gmail.com<\/a>\r\n\r\n\r\n*****\r\n\r\n<b>SOPRON\u00a0<\/b>\r\n\r\nVarga Istv\u00e1n\r\n\r\nHoldtenger\r\n\r\n<a href=\"https:\/\/www.facebook.com\/holdtenger\">https:\/\/www.facebook.com\/holdtenger<\/a>\r\n\r\n<a href=\"http:\/\/www.holdtenger.hu\/\">www.holdtenger.hu<\/a>\r\n\r\n\r\n*****\r\n\r\nWalter Dorottya\r\n\r\n<a href=\"https:\/\/etmasszazs.hu\/\">https:\/\/etmasszazs.hu\/<\/a>\r\n\r\n<a href=\"https:\/\/www.facebook.com\/walterdorottya\">https:\/\/www.facebook.com\/walterdorottya<\/a>\r\n\r\n\r\n*****\r\n\r\n<b>SZEGED<\/b>\r\n\r\nKov\u00e1cs Judit\r\n\r\n<a href=\"https:\/\/www.facebook.com\/profile.php?id=100093346260464\">FB<\/a>\r\n\r\n\r\n*****\r\n\r\n<b>SZ\u00c9KESFEH\u00c9RV\u00c1R<\/b>\r\n\r\nHorv\u00e1th Irma\r\n\r\n<a href=\"https:\/\/www.facebook.com\/profile.php?id=61553971536685\">https:\/\/www.facebook.com\/profile.php?id=61553971536685<\/a>\r\n\r\n<a href=\"http:\/\/www.horvathirma.hu\/\">www.horvathirma.hu<\/a>\r\n\r\n*****\r\n\r\nPap Eszter, T\u00f3th Zolt\u00e1n\r\n\r\nCsillagtenger massz\u00e1zs\r\n\r\n<a href=\"https:\/\/www.facebook.com\/lomilomid\">https:\/\/www.facebook.com\/lomilomid<\/a>\r\n\r\n\r\n*****\r\n\r\n<b>TATA<\/b>\r\n\r\nB\u00f3nyai Nikolett\r\n\r\nL\u00e9lekLabor\r\n\r\nPiac t\u00e9r 9.\r\n\r\nTel.: +36-20\/514-5481\r\n\r\n<a href=\"http:\/\/www.bonyainiki.hu\/\">www.bonyainiki.hu<\/a>\r\n\r\n<a href=\"https:\/\/www.facebook.com\/leleklabor.bonyainiki\">https:\/\/www.facebook.com\/leleklabor.bonyainiki<\/a>\r\n\r\n*****\r\n\r\nHajdu-Natkai \u00c1gnes\r\n\r\n<a href=\"http:\/\/natkaiagi.hu\/\">http:\/\/natkaiagi.hu\/<\/a>\r\n\r\n<a href=\"http:\/\/www.hawaiihula.hu\/\">http:\/\/www.hawaiihula.hu\/<\/a>\r\n\r\n*****\r\nV\u00c1C\r\n\r\nBotta-Duk\u00e1t Andrea\r\n\r\nV\u00e1c Radn\u00f3ti Mikl\u00f3s \u00fat 48\r\nElix\u00edr massz\u00e1zs V\u00e1c\r\n\r\n+36 30 737 6887\r\n\r\n<a href=\"mailto:elixirmasszasvac@gmail.com\" target=\"_blank\" rel=\"noopener\">elixirmasszasvac@gmail.com<\/a>\r\n\r\n<a href=\"https:\/\/www.facebook.com\/elixirmasszazsvac\" target=\"_blank\" rel=\"noopener\" data-saferedirecturl=\"https:\/\/www.google.com\/url?q=https:\/\/www.facebook.com\/elixirmasszazsvac&amp;source=gmail&amp;ust=1742486209001000&amp;usg=AOvVaw0AiC4noNsG-MbdNAKOVZ8M\">https:\/\/www.facebook.com\/<wbr \/>elixirmasszazsvac<\/a>\r\n\r\n*****\r\n\r\n<b>VERESEGYH\u00c1Z<\/b>\r\n\r\nNagy \u00c1gota\r\n\r\nAloha wai\r\n\r\nOnd vez\u00e9r u. 9.\r\n\r\n<a href=\"https:\/\/www.facebook.com\/profile.php?id=61553562013575\">https:\/\/www.facebook.com\/profile.php?id=61553562013575<\/a>\r\n\r\n<a href=\"mailto:aloha.wai.ago@gmail.com\">aloha.wai.ago@gmail.com<\/a>\r\n\r\n<a href=\"http:\/\/www.alohawai.hu\/\">www.alohawai.hu<\/a>\r\n\r\nTel.: +36-30\/284-3367\r\n\r\n\r\n\r\n\r\n*****\r\n\r\n<strong>V\u00c9P<\/strong>\r\n\r\nHerczeg Jusztina 9751 V\u00e9p Bart\u00f3k 25\r\n\r\n*****\r\n\r\n<b>AUSZTRIA<\/b>\r\n\r\n<b>WIEN<\/b>\r\n\r\n\r\nVarga Zs\u00f3fia\r\n\r\nmobil massz\u0151r\r\n\r\nB\u00e9cs 14;15;16;17;18;19;7;8 ker\u00fcleteiben\r\n\r\nTel.: +43\/676-590-8358\r\n\r\n<a href=\"mailto:zsofia.racz2@gmail.com\">zsofia.racz2@gmail.com<\/a>\r\n\r\n*****\r\n\r\n<b>LENGYELORSZ\u00c1G<\/b>\r\n\r\n<b>BIA\u0141YSTOK<\/b>\r\n\r\nJulia Wakulewska<\/pre>\n<ol>\n<li>\n<pre>Brukowa 24\/56 15-889<\/pre>\n<\/li>\n<\/ol>\n<pre>Tel.: +48\/534-442-553\r\n\r\n<a href=\"http:\/\/www.zrefleksowana.pl\">www.zrefleksowana.pl<\/a>\r\n\r\n*****\r\n\r\n<b>KRAK\u00d3W<\/b>\r\n\r\n\r\nMaja Hawranek\r\n\r\nMech i wdech masa\u017c lomi lomi i k\u0105piele le\u015bne<\/pre>\n<ol start=\"14\">\n<li>\n<pre>Meiselsa 4\/14.<\/pre>\n<\/li>\n<\/ol>\n<pre>Tel.: +48\/603-930-546\r\n\r\n<a href=\"mailto:mechiwdech@gmail.com\">mechiwdech@gmail.com<\/a>\r\n\r\n<a href=\"https:\/\/www.instagram.com\/mechiwdech\/\">https:\/\/www.instagram.com\/mechiwdech\/<\/a>\r\n\r\n\r\n*****\r\n\r\nAnna Karna\r\n\r\nBrodzi\u0144skiego 3\/11.\r\n\r\nTel.: +48\/505-571-568\r\n\r\n<a href=\"mailto:kahunakontakt@gmail.com\">kahunakontakt@gmail.com<\/a>\r\n\r\n<a href=\"https:\/\/kahunamasaz.pl\/?fbclid=IwZXh0bgNhZW0CMTAAAR1BFUPpjl32IDKq8aXb6NIcfysc2tUsG8JU9kNprZ180xpmHCfTQKkWBH4_aem_Adkls1Zs_4citXPi8SPv22mn3sFM7YNI2WG_YHigt6yj3sUepztRnU4P2_Ka9LFdGzPnNjB98K4QhZYT5Rr54lvb\">kahunamasaz.pl<\/a>\r\n\r\n\r\n*****\r\n\r\nLilola Aleksandra Ka\u017amierska\r\n\r\nTerapie pozytywne duszy i cia\u0142a\r\n\r\nTel.: +48\/791-742-831\r\n\r\n<a href=\"mailto:o.kazmierska@gmail.com\">o.kazmierska@gmail.com<\/a>\r\n\r\n<a href=\"http:\/\/www.lilola.pl\">www.lilola.pl<\/a>\r\n\r\n<a href=\"https:\/\/www.facebook.com\/profile.php?id=100063795572779\">FB<\/a>\r\n\r\n<a href=\"https:\/\/www.instagram.com\/terapie_naturalne_a_kazmierska?igsh=eDNxM3dmaWZ4MTdj&amp;utm_source=qr\">INSTAGRAM<\/a>\r\n\r\n\r\n*****\r\n\r\nDominika \u015awiat\u0142o\u0144\r\n\r\nStudio Arkadia Cia\u0142a Masa\u017c i Refleksologia\r\n\r\nTel.: +48\/791-479-100\r\n\r\n<a href=\"mailto:kontakt@arkadiaciala.pl\">kontakt@arkadiaciala.pl<\/a>\r\n\r\n<a href=\"http:\/\/www.arkadiaciala.pl\">www.arkadiaciala.pl<\/a>\r\n\r\n<a href=\"https:\/\/www.facebook.com\/arkadia.ciala\">FB<\/a>\r\n\r\n*****\r\n\r\n<b>NOWA IWICZNA<\/b>\r\n\r\n\r\nKarolina Nowomiejska\r\n\r\nGabinet wSPAniale<\/pre>\n<ol start=\"6\">\n<li>\n<pre>Mleczarska 9B lok. 6.<\/pre>\n<\/li>\n<\/ol>\n<pre>Tel.: +48\/796-940-845\r\n\r\nInstagram: wspaniale_gabinet\r\n\r\n<a href=\"https:\/\/booksy.com\/pl-pl\/90319_gabinet-kosmetyczny-wspaniale_salon-kosmetyczny_4353_piaseczno?fbclid=PAZXh0bgNhZW0BMQABpkEC8Zf7Bc5LIcRnvnKhYtUKnXRcu9Ho2ocAcApaWJ2S2h8Tssjbwtdqfg_aem_ATuWARPI5Bobk6mK5hvglzpiQEg0D2uLB6IPnLJF6wNhkwAIs_ZZEWVuxs0ImAYtPLo\">Booksy<\/a>\r\n\r\n*****\r\n\r\n\r\n\r\n<b>WARSZAWA<\/b>\r\n\r\nMagda Czarny\r\n\r\nSister Soul\r\n\r\n\u017boliborz\r\n\r\nTel.: +48\/509-720-866\r\n\r\n<a href=\"mailto:sistersoul.bodywork@gmail.com\">sistersoul.bodywork@gmail.com<\/a>\r\n\r\n<a href=\"https:\/\/www.facebook.com\/sistersoul.bodywork\/\">Fb<\/a>\r\n\r\n<a href=\"https:\/\/www.instagram.com\/sistersoul_bodywork\/\">Instagram<\/a>\r\n\r\n*****\r\n\r\nAleksandra Narwojsz\r\n\r\n\u015aliwi\u0144ska Gabinet \u201eCa\u0142a z cia\u0142a\u201d\r\n\r\n\u017boliborz<\/pre>\n<ol>\n<li>\n<pre>Boguckiego 1a<\/pre>\n<\/li>\n<\/ol>\n<pre>Tel.: +48\/668-452-991\r\n\r\n<a href=\"https:\/\/www.calazciala.pl\/?fbclid=IwZXh0bgNhZW0CMTAAAR3Crg1eLp8YsKIl5724cGO8tka5PvRJ6RHPKCS_rwYnbAoumNZ6symTPG8_aem_ATvZ694RvNl7-AXVAQJmmUXQiZ44iWjrVadCUqn-0wscNy9oRJpTLFbSMhH2TuXsV2BFTeMg_H1NLPcO1OomLV3Z\">https:\/\/www.calazciala.pl<\/a>\r\n\r\n<a href=\"https:\/\/l.facebook.com\/l.php?u=https%3A%2F%2Fwww.instagram.com%2Fcala_z_ciala%2F%3Ffbclid%3DIwZXh0bgNhZW0CMTAAAR2O7hy6JVTEuBrSbvPzAdVEyXYxi2BssTJsOUmxYkLcswNALnUsA-5RTaM_aem_ATvPiN7dHio6xqMwNgujZ2IvIzemYuk1DJWnzPBT5feVuB4UBH5Xr6cHin_cEel5NH1lhbNiGYqMJp_n1HF09Y8q&amp;h=AT0wcsy0g_40hgA7jKsDDqZhPDWkWqQTTAf9zR6_ZS4VTXX3tq12QsfcmkqjT0bxMk6Fw0EWl8vKm8DtNDMEMq6STtiLSL8SkVJWztJYM41blblL8LGquxbcfO1cZzeNjZcrUw\">INSTAGRAM<\/a>\r\n\r\n<a href=\"https:\/\/www.facebook.com\/calazciala\">FB<\/a>\r\n\r\n\r\n*****\r\n\r\nJudyta Pieprzyk \u201eCzu\u0142o\u015b\u0107\u201d<\/pre>\n<ol>\n<li>\n<pre>Berezy\u0144ska 11\/1.<\/pre>\n<\/li>\n<\/ol>\n<pre><a href=\"https:\/\/www.instagram.com\/c_z_u_l_o_s_c?igsh=MTVhanl4dWFkM3oweA%3D%3D&amp;utm_source=qr\">INSTAGRAM<\/a>\r\n\r\n*****\r\n\r\nKasia Szajdek\r\n\r\nSztuka Spokoju\r\n\r\nPraga Po\u0142udnie\r\n\r\n<a href=\"https:\/\/www.instagram.com\/mikoraso.holistic?igsh=MWdINSTAGRAM6dndkMmMxdXpuYQ==\">FB<\/a>\r\n\r\n<a href=\"http:\/\/www.sztukaspokoju.pl\">www.sztukaspokoju.pl<\/a>\r\n\r\n*****\r\n\r\nOla Szewe\u0142a\r\n\r\nBia\u0142o\u0142\u0119ka\r\n\r\n<a href=\"https:\/\/www.facebook.com\/lomilomioli\">https:\/\/www.facebook.com\/lomilomioli<\/a>\r\n\r\n*****\r\n\r\nMonika Tabaka\r\n\r\nGood Life Massage\r\n\r\nUrsyn\u00f3w-Kabaty\r\n\r\nTel.: +48\/733-171-708\r\n\r\nSzajnowicza 9\/U3\r\n\r\n<a href=\"https:\/\/www.facebook.com\/MonikaTabakaGoodLife\">FB<\/a>\r\n\r\n\r\n*****\r\n\r\nBarbara Zaborowska\r\n\r\nMatariki bodywork\r\n\r\nHo\u017ca 51\r\n\r\nTel.: +48\/502-500-894\r\n\r\n<a href=\"https:\/\/www.instagram.com\/matariki_bodywork?igsh=d3A4cTdkaDExMnli&amp;utm_source=qr\">INSTAGRAM<\/a>\r\n\r\n\r\n*****\r\n\r\nMa\u0142gorzata Wiaderny\r\n\r\nMarina masa\u017cowa przysta\u0144\r\n\r\n<a href=\"https:\/\/l.facebook.com\/l.php?u=http%3A%2F%2Fwww.przystan-masazowa.pl%2F%3Ffbclid%3DIwZXh0bgNhZW0CMTAAAR1CmZjM1Pv9vKQa7XRU_nM5hRq-awrP-Oqi1vxBzEc0E-BHbo54orMAn2s_aem_ATuWTsElyXDkPmn1ed1cOsAn6OJXYnxWgJzXFDevo0YKyyLxL6Dqt90DXaDPGIZbvJqEgosQFOTk5hbvF0AbBaal&amp;h=AT14kOvAzYa6yY0PzrXZ4N64fMHXOmwHCIjcCwC8tx4jgIhLNBLy4e1xzjux-w4GjSu12wxf7L1gkMdE9ooxtzABGo2PupJqKRd8XORINO4JZAStlRRCkWQIBDcNJUULYifUFw\">www.przystan-masazowa.pl<\/a>\r\n\r\nTel.: +48\/502-952-777\r\n\r\n*****\r\n\r\n<b>NORV\u00c9GIA<\/b>\r\n\r\n\r\n<b>BERGEN<\/b>\r\n\r\nMonika Kluba\r\n\r\nMikoraso Holistic\r\n\r\n<a href=\"mailto:Mikoraso.holistic@gmail.com\">Mikoraso.holistic@gmail.com<\/a>\r\n\r\nTel.: +47\/92-507-855\r\n\r\n<a href=\"https:\/\/www.instagram.com\/mikoraso.holistic?igsh=MWdINSTAGRAM6dndkMmMxdXpuYQ==\">INSTAGRAM<\/a>\r\n\r\n*****\r\n\r\n<b>PORTUG\u00c1LIA<\/b>\r\n\r\n<strong>ALGARVE<\/strong>\r\n\r\nJulia Antos\r\n\r\nhttps:\/\/www.lomilomi-algarve.com\r\n\r\n*****\r\n\r\n<b>AZORI-SZIGETEK<\/b>\r\n\r\nSz\u0151ke Karola\r\n\r\nS\u00e3o Miguel sziget, Furnas\r\n\r\n<a href=\"https:\/\/www.facebook.com\/profile.php?id=100063708814653\">FB<\/a>\r\n\r\n*****\r\n\r\n\r\n<b>SPANYOLORSZ\u00c1G<\/b>\r\n\r\n\r\n<b>MALLORCA<\/b>\r\n\r\nSz\u00e1nt\u00f3 Szilvia, T\u00fcke P\u00e9ter\r\n\r\nVERDE OLA Masaje &amp; Yoga\r\n\r\nMALLORCA Studio\r\n\r\nCol\u00f3nia Sant Jordi 07638\r\n\r\nCarrer Burguera 2.\r\n\r\nTel.\/Whatsapp\/Telegram: +34\/677-875-694\r\n\r\n<a href=\"http:\/\/www.verdeola.com\/\">www.verdeola.com<\/a>\r\n\r\n<a href=\"mailto:info@verdeola.com\">info@verdeola.com<\/a>\r\n\r\nInsta: verdeolamasajeyoga\r\n\r\nFacebook: VERDE OLA Masaje y Yoga\u00e9\r\n\r\n*****\r\n\r\n<b>TENERIFE<\/b>\r\n\r\nMarina Godlewska\r\n\r\nAdeje, Tijoco Bajo\r\n\r\nTel.: +34\/611-275-155\r\n\r\n<a href=\"https:\/\/www.facebook.com\/godella.bodytherapy\">FB<\/a>\r\n\r\n<a href=\"https:\/\/www.instagram.com\/godella_bodytherapy?igsh=MTVsZmI3NHYzamdoaA%3D%3D&amp;utm_source=qr\">INSTAGRAM<\/a>\r\n\r\n*****\r\n\r\n<b>VALENCIA<\/b>\r\n\r\nKarolina Molska\r\n\r\nKaro Holistic Touch\r\n\r\nCabanyal\r\n\r\n<a href=\"https:\/\/www.karoholistictouch.com\">https:\/\/www.karoholistictouch.com<\/a>\r\n\r\nInstagram:\u00a0<a href=\"https:\/\/www.instagram.com\/karo.holistic.touch\/\">https:\/\/www.instagram.com\/karo.holistic.touch\/<\/a>\r\n\r\n\r\n\r\n\r\n*****\r\n\r\n\r\n\r\n\r\n\r\n<\/pre>\n<div>\n<div>\n<div><\/div>\n<\/div>\n<\/div>\n<pre><\/pre>\n<p><\/p>\n<!-- AddThis Advanced Settings generic via filter on the_content --><!-- AddThis Share Buttons generic via filter on the_content -->","protected":false},"excerpt":{"rendered":"<p>MAGYARORSZ\u00c1G ANDORNAKT\u00c1LYA egyeri Zolt\u00e1n S\u00e1ndor Tel.: +36-30\/279-5020 megyeri.zoltan.sandor@gmail.com Fb\u00a0 ***** BAJA Szenczi \u00c9va Laz\u00edt-lak Tel.: +36-70\/773-2889 ***** BALATONALM\u00c1DI, BALATONF\u00dcRED Nagy Adrienn vandorlovarazskert.hu https:\/\/www.facebook.com\/profile.php?id=100070904604371 Tel.: +36-30\/642-0609 ***** BUDA\u00d6RS Czirj\u00e1k Roberta Tel.: +36-70\/362-0205 FB ***** BUDAPEST I. ker\u00fclet: Vadkerti Melinda L\u00e9t\u00e9rz\u00e9s lomi lomi massz\u00e1zs https:\/\/www.instagram.com\/leterzes_lomilomimasszazs?igsh=Y2U1YWgyeXdkOWpr ***** II.ker\u00fclet: Juh\u00e1sz Gergely Bimb\u00f3 \u00fat 30. Tel.: +36-70\/553-3047 jgergo7@gmail.com www.juhaszgergely.hu https:\/\/www.facebook.com\/profile.php?id=100088478550036 [&hellip;]<!-- AddThis Advanced Settings generic via filter on get_the_excerpt --><!-- AddThis Share Buttons generic via filter on get_the_excerpt --><\/p>\n","protected":false},"author":1,"featured_media":0,"parent":0,"menu_order":0,"comment_status":"closed","ping_status":"closed","template":"","meta":{"footnotes":""},"class_list":["post-2343","page","type-page","status-publish","hentry"],"_links":{"self":[{"href":"https:\/\/www.integratedlomilomi.com\/en\/wp-json\/wp\/v2\/pages\/2343","targetHints":{"allow":["GET"]}}],"collection":[{"href":"https:\/\/www.integratedlomilomi.com\/en\/wp-json\/wp\/v2\/pages"}],"about":[{"href":"https:\/\/www.integratedlomilomi.com\/en\/wp-json\/wp\/v2\/types\/page"}],"author":[{"embeddable":true,"href":"https:\/\/www.integratedlomilomi.com\/en\/wp-json\/wp\/v2\/users\/1"}],"replies":[{"embeddable":true,"href":"https:\/\/www.integratedlomilomi.com\/en\/wp-json\/wp\/v2\/comments?post=2343"}],"version-history":[{"count":36,"href":"https:\/\/www.integratedlomilomi.com\/en\/wp-json\/wp\/v2\/pages\/2343\/revisions"}],"predecessor-version":[{"id":2554,"href":"https:\/\/www.integratedlomilomi.com\/en\/wp-json\/wp\/v2\/pages\/2343\/revisions\/2554"}],"wp:attachment":[{"href":"https:\/\/www.integratedlomilomi.com\/en\/wp-json\/wp\/v2\/media?parent=2343"}],"curies":[{"name":"wp","href":"https:\/\/api.w.org\/{rel}","templated":true}]}}