{"id":1903,"date":"2019-04-03T17:29:40","date_gmt":"2019-04-03T17:29:40","guid":{"rendered":"http:\/\/www.integratedlomilomi.com\/?page_id=1903"},"modified":"2019-04-15T08:52:15","modified_gmt":"2019-04-15T08:52:15","slug":"oboz-ohana-aloha","status":"publish","type":"page","link":"https:\/\/www.integratedlomilomi.com\/pl\/oboz-ohana-aloha-2\/","title":{"rendered":"Ob\u00f3z \u2019Ohana Aloha"},"content":{"rendered":"<p><\/p>\n<h5 style=\"text-align: center;\">Ob\u00f3z \u2019Ohana Aloha 6-12 Lipca 2019<\/h5>\n<h5 style=\"text-align: center;\">MAGYARLUKAFA<\/h5>\n<p>To ju\u017c po raz pi\u0119tnasty zje\u017cd\u017camy si\u0119 do ma\u0142ej, uroczej w\u0119gierskiej wsi, aby wsp\u00f3lnie uczy\u0107 si\u0119 i dzieli\u0107 masa\u017cami, ta\u0144cem i innymi formami polinezyjskich sztuk uzdrawiania!<\/p>\n<p><strong>\u2019Ohana Aloha, co to oznacza?<\/strong><\/p>\n<p>Hawajskie s\u0142owo \u201e<em>ohana\u201d<\/em> oznacza rodzin\u0119, cz\u0119sto szero poj\u0119t\u0105. W jeszcze szerszym sensie: relacje oparte na mi\u0142o\u015bci i obup\u00f3lnej dobrej woli. S\u0142owo \u201eo<em>ha\u201d <\/em>oznacza rado\u015b\u0107 \u017cycia, ale r\u00f3wnie\u017c przeznaczon\u0105 do rozmna\u017cania cz\u0119\u015b\u0107 ro\u015bliny taro (kalo), podstawowego po\u017cywienia na dawnych Hawajach. \u201e A<em>na\u201d<\/em> oznacza odnowienie i tworzenie.<\/p>\n<p>Tak wi\u0119c znaczenie <em>Aloha<\/em>: dzieli\u0107 si\u0119 dechem \u017cycia pochodz\u0105cym od Stw\u00f3rcy.<\/p>\n<p>alo, &#8211; dzieli\u0107 si\u0119 teraz<br \/>\noha \u2013 rado\u015b\u0107, szcz\u0119\u015bcie<br \/>\nha \u2013 dech \u017cycia<\/p>\n<p>Program obozu:<\/p>\n<ul>\n<li><strong>Warsztaty lomilomi!<\/strong><\/li>\n<\/ul>\n<p>B\u0119dziemy poznawa\u0107 rozmaite aspekty spo\u015br\u00f3d bogatego zestawu hawajskich technik pracy z cia\u0142em. Zar\u00f3wno ci, kt\u00f3rzy ju\u017c studiowali lomilomi, jak i osoby stykaj\u0105ce si\u0119 z t\u0105 sztuk\u0105 po raz pierwszy, b\u0119d\u0105 mieli mo\u017cliwo\u015b\u0107 zar\u00f3wno da\u0107 jak i otrzyma\u0107 lomilomi, czyli do\u015bwiadczy\u0107 dotyku mi\u0142o\u015bci w tym masa\u017cu.<\/p>\n<ul>\n<li><strong>Warsztaty Lomilomi<\/strong> dla ka\u017cdego, bez wzgl\u0119du na umiej\u0119tno\u015bci lub ich brak J<\/li>\n<li><strong>Hawajski taniec hula! <\/strong>Poznaj sztuk\u0119 opowiadania historii poprzez taniec, we\u017a udzia\u0142 w codziennych lekcjach hula!<\/li>\n<li><strong>haka \u2013 taniec polinezyjskich wojownik\u00f3w! <\/strong><\/li>\n<li><strong>Swobodny taniec prowadzony przez Mariama Ndiaye<\/strong><\/li>\n<li><strong>Wsp\u00f3lne muzykowanie I \u015bpiewanie przy wieczornym ognisku <\/strong><\/li>\n<li><strong>poranna joga <\/strong><\/li>\n<\/ul>\n<p>I wiele innych niezapomnianych moment\u00f3w w ma\u0142ej, \u015blicznej w\u0119gierskiej wiosce Magyarlukafa, na \u0142onie Natury.<\/p>\n<p>Ceny:<\/p>\n<p>Ca\u0142otygodniowe uczestnictwo w obozie, oraz trzy wegetaria\u0144skie lub wega\u0144skie posi\u0142ki:\u00a0 50.000 forint\u00f3w lub 685 z\u0142 (+ nocleg).<\/p>\n<p>Dla os\u00f3b bior\u0105cych udzia\u0142 jedynie w kilku dniach, cena wynosi 11.000 forint\u00f3w lub 150 z\u0142 za ka\u017cd\u0105 dob\u0119. (+ nocleg).<\/p>\n<p><strong>Opcje noclegowe<\/strong>:<\/p>\n<p><u>\u00a0<\/u><\/p>\n<ol>\n<li><strong>Nat\u00e1lia h\u00e1z <\/strong><\/li>\n<\/ol>\n<p>Pokoje 3 i 4 osobowe, ka\u017cdy z \u0142azienk\u0105. Cena 3200 forint\u00f3w\/noc, 19.200 Ft\/ tydzie\u0144<\/p>\n<p><u>\u00a0<\/u><\/p>\n<ol start=\"2\">\n<li>Villa Accacia<\/li>\n<\/ol>\n<p>Romantyczny dom z basemen, oferuj\u0105cy nocleg dla 10 os\u00f3b. Mamy 2 dwuosobowe pokoje z podw\u00f3jnymi \u0142\u00f3\u017ckami, jeden dwuosobowy pok\u00f3j z pi\u0119trowym \u0142\u00f3\u017ckiem, i jeden czteroosobowy pok\u00f3j z dwoma pi\u0119trowymi k\u00f3\u017ckami. Cena w Villa Accacia to 100 euro\/ tydzie\u0144 od osoby za miejsce w pokojach z podw\u00f3jnym \u0142\u00f3\u017ckiem, i 90 euro w pozosta\u0142ych pokojach.<\/p>\n<ol start=\"3\">\n<li><strong>W\u0142asny namiot:<\/strong> 2200 forint\u00f3w\/noc<\/li>\n<\/ol>\n<p>Zg\u0142oszenia na adres: witold.kucharczyk@gmail.com, +36 30 532 14 13<\/p>\n<p>Zni\u017cki: Dzieci poni\u017cej wieku 10 lat nie p\u0142ac\u0105 nic, w wieku od 11 do 16 \u2013 p\u00f3\u0142 ceny.<\/p>\n<p><u>Zni\u017cka dotyczy op\u0142aty za uczestnictwo, nie dotyczy op\u0142aty za noceg. <\/u><\/p>\n<p>Ka\u017cdy b\u0119dzie proszony o pomoc przy gotowaniu lub zmywaniu przez jeden dzie\u0144 podczas trwania obozu. Nie b\u0119dzie to stanowi\u0142o przeszkody w udziale w zaj\u0119ciach.<\/p>\n<p><strong>\u00a0<\/strong><\/p>\n<p><strong>Przyjazd i wyjazd <\/strong><\/p>\n<p>Przyjazd 6 lipca od godziny 14:00, wyjazd 12 lipca po obiedzie.<\/p>\n<p>Aloha!<\/p>\n<p>Witek<\/p>\n<!-- AddThis Advanced Settings generic via filter on the_content --><!-- AddThis Share Buttons generic via filter on the_content -->","protected":false},"excerpt":{"rendered":"<p>Ob\u00f3z \u2019Ohana Aloha 6-12 Lipca 2019 MAGYARLUKAFA To ju\u017c po raz pi\u0119tnasty zje\u017cd\u017camy si\u0119 do ma\u0142ej, uroczej w\u0119gierskiej wsi, aby wsp\u00f3lnie uczy\u0107 si\u0119 i dzieli\u0107 masa\u017cami, ta\u0144cem i innymi formami polinezyjskich sztuk uzdrawiania! \u2019Ohana Aloha, co to oznacza? Hawajskie s\u0142owo \u201eohana\u201d oznacza rodzin\u0119, cz\u0119sto szero poj\u0119t\u0105. W jeszcze szerszym sensie: relacje oparte na mi\u0142o\u015bci i [&hellip;]<!-- AddThis Advanced Settings generic via filter on get_the_excerpt --><!-- AddThis Share Buttons generic via filter on get_the_excerpt --><\/p>\n","protected":false},"author":1,"featured_media":0,"parent":0,"menu_order":0,"comment_status":"closed","ping_status":"closed","template":"","meta":{"footnotes":""},"class_list":["post-1903","page","type-page","status-publish","hentry"],"_links":{"self":[{"href":"https:\/\/www.integratedlomilomi.com\/pl\/wp-json\/wp\/v2\/pages\/1903","targetHints":{"allow":["GET"]}}],"collection":[{"href":"https:\/\/www.integratedlomilomi.com\/pl\/wp-json\/wp\/v2\/pages"}],"about":[{"href":"https:\/\/www.integratedlomilomi.com\/pl\/wp-json\/wp\/v2\/types\/page"}],"author":[{"embeddable":true,"href":"https:\/\/www.integratedlomilomi.com\/pl\/wp-json\/wp\/v2\/users\/1"}],"replies":[{"embeddable":true,"href":"https:\/\/www.integratedlomilomi.com\/pl\/wp-json\/wp\/v2\/comments?post=1903"}],"version-history":[{"count":3,"href":"https:\/\/www.integratedlomilomi.com\/pl\/wp-json\/wp\/v2\/pages\/1903\/revisions"}],"predecessor-version":[{"id":1917,"href":"https:\/\/www.integratedlomilomi.com\/pl\/wp-json\/wp\/v2\/pages\/1903\/revisions\/1917"}],"wp:attachment":[{"href":"https:\/\/www.integratedlomilomi.com\/pl\/wp-json\/wp\/v2\/media?parent=1903"}],"curies":[{"name":"wp","href":"https:\/\/api.w.org\/{rel}","templated":true}]}}