{"id":2274,"date":"2024-01-28T15:31:04","date_gmt":"2024-01-28T15:31:04","guid":{"rendered":"http:\/\/www.integratedlomilomi.com\/?page_id=2274"},"modified":"2024-03-26T16:17:22","modified_gmt":"2024-03-26T16:17:22","slug":"2274-2","status":"publish","type":"page","link":"https:\/\/www.integratedlomilomi.com\/pl\/2274-2\/","title":{"rendered":""},"content":{"rendered":"<p><\/h3>\n<h3 style=\"text-align: center;\">INTENSYWNY WARSZTAT INTEGRATED LOMILOMI W PODKOWIE LE\u015aNEJ<\/h3>\n<h3 style=\"text-align: center;\"><\/h3>\n<h3 style=\"text-align: center;\">11-15 maja, 2024<\/h3>\n<p>&nbsp;<\/p>\n<p>Intensywny 5-dniowy warsztat-retreat, zaj\u0119cia od rana do p\u00f3\u017anego wieczora, w sali, w plenerze, skoncentrowany na zaj\u0119cia praktyczne, uczenie si\u0119 poprzez obserwacj\u0119, \u0107wiczenia, korekcje, autokorekcje i w\u0142a\u015bciwe interpretacje rezultat\u00f3w.<\/p>\n<p>Nauczymy si\u0119 tradycyjnego masa\u017cu lomilomi, umiej\u0119tno\u015bci skupienia uwagi, oraz rozwiniemy zaufanie do sztuki czytania informacji pochodz\u0105cych z cia\u0142a osoby masowanej.<\/p>\n<p>Nauczymy si\u0119 te\u017c s\u0142ucha\u0107 w\u0142asnego cia\u0142a, kt\u00f3re studiujemy jak map\u0119, w celu zrozumienia, w jaki spos\u00f3b uwalnia ono blokady jak i swobodny przep\u0142yw energii.<\/p>\n<p>Poprzez nauk\u0119 Lomilomi odzyskujemy dost\u0119p do naszej odziedziczonej genetycznie m\u0105dro\u015bci. S\u0142u\u017cy temu nie tylko praca z cia\u0142em, ale i koordynuj\u0105cy nasze obie p\u00f3\u0142kule m\u00f3zgowe taniec hula, oraz teoretyczne i praktyczne zaj\u0119cia o rozumieniu naszego istnienia w sieci po\u0142\u0105cze\u0144 z innymi i sposobach uzdrawiania relacji. Te dziedziny s\u0105 praktycznym \u015brodkiem do wytyczania celu \u017cyciowego, wyra\u017cania intencji, energetyzowania ich i wcielania w \u017cycie.<\/p>\n<p>Przepracowuj\u0105c to na sobie, bedziemy przygotowani na g\u0142\u0119bok\u0105 rozmow\u0119 z klientem, czy raczej naszym go\u015bciem, spo\u015br\u00f3d kt\u00f3rych wielu szybko pojmuje, \u017ce na sesj\u0119 nie przynosz\u0105 jedynie b\u00f3lu w mi\u0119\u015bniach czy cielesnego zm\u0119czenia, a ca\u0142\u0105 histori\u0119 swojego \u017cycia. I szukaj\u0105 u nas porady.<\/p>\n<p>Warsztat \u0142\u0105czy starannie wybrane techniki hawajskiej pracy z cia\u0142em, jak r\u00f3wnie\u017c towarzysz\u0105ce im zasady i duchowe warto\u015bci.<\/p>\n<p>O PRACY Z CIA\u0141EM:<\/p>\n<p>W dawnych czasach Hawajczycy w wa\u017cnych momentach \u017cycia, takich jak: rytua\u0142 wej\u015bcia w doros\u0142o\u015b\u0107, obj\u0119cie wa\u017cnej funkcji spo\u0142ecznej, ci\u0105\u017ca, por\u00f3d, choroba, \u017ca\u0142oba czy potrzeba zmiany kierunku \u017cycia, zwracali si\u0119 do odpowiedniego specjalisty (kahuna), aby za pomoc\u0105 jego wiedzy uwolni\u0107 si\u0119 od stresu, obaw, napi\u0119\u0107, egocentrycznego postrzegania \u015bwiata.<\/p>\n<p>Efektem takiego zabiegu by\u0142a fundamentalna zmiana element\u00f3w osobowo\u015bci i tworzonych przy ich wsp\u00f3\u0142udziale sytuacji \u017cyciowych. Stare wzorce zast\u0119powane by\u0142y nowymi \u2013 \u015bwiadomie wybranymi.<\/p>\n<p>CZEGO MOG\u0118 OCZEKIWA\u0106 OD KURSU?<\/p>\n<p>Podczas kursu nauczymy si\u0119 masa\u017cu lomilomi w pe\u0142nym zakresie i rozmaitych jego zastosowaniach, co pozwoli na wykonanie takiego masa\u017cu w wersji 1, 1,5, 2, i 3 godzinnej.<\/p>\n<p>Szkolenie zawiera r\u00f3wnie\u017c: elementy ta\u0144ca hula, prac\u0119 z \u017cywio\u0142ami, u\u017cycie kamieni, gor\u0105cych r\u0119cznik\u00f3w, gliny, soli i wiele innych element\u00f3w.<\/p>\n<p>Sk\u0142ada si\u0119 z czterech 5-dniowych warsztat\u00f3w.<\/p>\n<p>Po uko\u0144czeniu kursu ka\u017cdy z uczestnik\u00f3w b\u0119dzie dysponowa\u0142 szerokim, jasno zdefiniowanym zestawem technik i narz\u0119dzi umo\u017cliwiaj\u0105cych indywidualne ich dobranie i dostrojenie do ka\u017cdego klienta, tworz\u0105c jedyn\u0105, woln\u0105 od schemat\u00f3w, niepowtarzaln\u0105 sesj\u0119.<\/p>\n<p>Po uko\u0144czeniu poziom\u00f3w* 1+2 \u2013 jest wydawany certyfikat Integrated Lomilomi poziom Wellness<\/p>\n<p>Po uko\u0144czeniu poziom\u00f3w 1+2+3 \u2013 certyfikat Integrated Lomilomi poziom 3.<\/p>\n<p>Po uko\u0144czeniu poziom\u00f3w 1+2+3+4 \u2013 certyfikat Integrated Lomilomi w pe\u0142nym zakresie (160 godzin szkoleniowych).<\/p>\n<p>*(po uko\u0144czeniu 1 poziomu mo\u017cna na pro\u015bb\u0119 otrzyma\u0107 za\u015bwiadczenie o wzi\u0119ciu udzia\u0142u w kursie)<\/p>\n<p>&nbsp;<\/p>\n<p>POZIOM PODSTAWOWY (poz.1 i 2: 2\u00d75 dni)<\/p>\n<p>&#8211; praca z rozci\u0105ganiem staw\u00f3w (stretching)<br \/>\n&#8211; lomilomi masa\u017c ca\u0142ego cia\u0142a w wersji podstawowej (po uko\u0144czeniu obu pierwszych poziom\u00f3w)<br \/>\n&#8211; podstawowe, pochodz\u0105ce ze \u015bwi\u0105tynnych masa\u017cy kroki u\u017cywane przy masa\u017cu<br \/>\n&#8211; wprowadzenie do ta\u0144ca hula<br \/>\n&#8211; powitanie i czytanie cia\u0142a<br \/>\n&#8211; \u0107wiczenia oddechowe<br \/>\n&#8211; wprowadzenie do tradycyjnego hawajskiego ho&#8217;oponopono<\/p>\n<p>&nbsp;<\/p>\n<p>POZIOM \u015aREDNIOZAAWANSOWANY (poz. 3: 5 dni)<\/p>\n<p>&#8211; zaawansowane techniki i chwyty w masa\u017cu<br \/>\n&#8211; masa\u017c na cztery r\u0119ce<br \/>\n&#8211; b\u0142ogos\u0142awie\u0144stwa hawajskie i wprowadzenie do duchowej strony masa\u017cu<br \/>\n&#8211; kolejne energetyzuj\u0105ce \u0107wiczenia oddechowe<br \/>\n&#8211; praca z \u017cywio\u0142ami<br \/>\n&#8211; masa\u017c bezdotykowy<br \/>\n&#8211; wprowadzenie do tradycyjnego hawajskiego ho\u2019oponopono \u2013 \u0107wiczenia praktyczne w parach<\/p>\n<p>&nbsp;<\/p>\n<p>POZIOM ZAAWANSOWANY (poz. 4: 5 dni)<\/p>\n<p>&#8211; techniki wolnego przep\u0142ywu<br \/>\n&#8211; Lomi 'ili 'ili &#8211; masa\u017c z u\u017cyciem kamieni<br \/>\n&#8211; Lomi Kupanaha &#8211; odstresowanie za pomoc\u0105 gor\u0105cego r\u0119cznika<br \/>\n&#8211; Lomi Pa\u2019akai &#8211; u\u017cycie soli (a tak\u017ce gliny i mu\u0142u)<br \/>\n&#8211; \u0107wiczenia uwra\u017cliwiaj\u0105ce zmys\u0142y<br \/>\n&#8211; masowanie pacjenta w pozycji le\u017cenia na boku<br \/>\n&#8211; dalsze energetyzuj\u0105ce \u0107wiczenia oddechowe<br \/>\n&#8211; Lomi lole (wersja masa\u017cu w ubraniu)<br \/>\n&#8211; wprowadzenie do tradycyjnego hawajskiego ho&#8217;oponopono \u2013 \u0107wiczenia praktyczne z celem \u017cyciowym<\/p>\n<p>DLA KOGO?<\/p>\n<p>Kurs przeznaczony jest zar\u00f3wno dla profesjonalnych masa\u017cyst\u00f3w jak i dla tych, kt\u00f3rzy chc\u0105 podzieli\u0107 si\u0119 dobroczynnym efektem masa\u017cu z innymi.<br \/>\nDla ka\u017cdego, kto chce opanowa\u0107 nie tylko techniki, ale i duchow\u0105 stron\u0119 tej sztuki.<br \/>\nDla ka\u017cdego, kto rozumie, \u017ce Lomilomi Bodywork jest najpierw samouzdrawianiem i samodoskonaleniem, a dopiero potem pomoc\u0105 innym.<\/p>\n<p>Aby wzi\u0105\u0107 udzia\u0142 w warsztacie, nie jest potrzebne \u017cadne wcze\u015bniejsze przygotowanie. Na pewno potrzebne jest otwarcie na wiedz\u0119, szacunek dla kultury hawajskiej oraz do pozosta\u0142ych uczestnik\u00f3w kursu.<\/p>\n<p>Wa\u017cne: podczas warsztatu nie spo\u017cywamy alkoholu ani jakichkolwiek innych \u015brodk\u00f3w odurzaj\u0105cych. Warunkiem udzia\u0142u jest akceptacja tej regu\u0142y.<\/p>\n<div id=\":t1\" class=\"ii gt\">\n<div id=\":t0\" class=\"a3s aiL \">\n<div>\n<p>CZYM TEN KURS R\u00d3\u017bNI SI\u0118 OD INNYCH?<\/p>\n<p>Nauka lomilomi jest dost\u0119pna u wielu nauczycieli i w wielu formach.<br \/>\nKurs Integrated Lomilomi\u00ae scala w jeden zwarty system techniki zaczerpni\u0119te z rozmaitych polinezyjskich \u017ar\u00f3de\u0142. W istocie ka\u017cda hawajska rodzina, klan czy szko\u0142a uczy\u0142a w spos\u00f3b charakterystyczny dla siebie. Poznamy wi\u0119c i r\u00f3\u017cnorodne, uzupe\u0142niaj\u0105ce si\u0119 lub alternatywne sposoby pracy na danej cz\u0119\u015bci cia\u0142a, oraz ich fuzj\u0119.<\/p>\n<p>Mia\u0142em szcz\u0119\u015bcie osobi\u015bcie s\u0142ucha\u0107 opowie\u015bci Maorys\u00f3w i Hawajczyk\u00f3w o podej\u015bciu do \u017cycia, sposobach radzenia sobie w r\u00f3\u017cnych sytuacjach, formach leczenia, zapobiegania, o wyzwaniach i niebezpiecze\u0144stwach, o mitach i legendach. Podczas kursu ch\u0119tnie si\u0119 tym dziel\u0119 wiedz\u0105c, \u017ce istotnym jest poznanie ukrytych znacze\u0144 i przekaz\u00f3w, t\u0142a kulturowego i kontekstu duchowego.<br \/>\nPierwszy raz w Polsce, prowadz\u0119 kurs o tak rozszerzonej formule.<\/p>\n<\/div>\n<\/div>\n<\/div>\n<p>DLACZEGO STACJONARNY?<\/p>\n<p>Gdy\u017c kurs, na kt\u00f3rym jeste\u015bmy ci\u0105gle obecni przez pi\u0119\u0107 dni i nocy umo\u017cliwia wieczorne kr\u0119gi dzielenia si\u0119 historiami poszerzaj\u0105cymi horyzonty naszego rozumienia.<br \/>\nNa kursie b\u0119d\u0105 r\u00f3wnie\u017c takie \u0107wiczenia, powodzeniu kt\u00f3rych sprzyja noc. R\u00f3wnie\u017c nie oderwanie si\u0119 od energii kursu i grupy, bez naprzemiennego wpadania i wypadania ze \u015bwiata codzienno\u015bci, dobrowolne ograniczenie, lub lepiej czasowe odstawienie elektronicznych gad\u017cet\u00f3w, medi\u00f3w spo\u0142eczno\u015bciowych i wszystkiego, co nas wci\u0105ga w p\u0142aski, dwuwymiarowy \u015bwiat Internetu bardzo sprzyja zachowaniu \u015bwiadomej obecno\u015bci, przyswojeniu pe\u0142ni przekazu i w ko\u0144cu staniu si\u0119 Wiedz\u0105.<br \/>\nB\u0119dziemy pod\u0105\u017ca\u0107 \u015bladami polinezyjskich Nawigator\u00f3w.<br \/>\nKurs niesie wiele mo\u017cliwo\u015bci samopoznania i samo-uzdrowienia.<\/p>\n<p>&nbsp;<\/p>\n<p>ROZK\u0141AD DNIA:<\/p>\n<p>7:30 powitanie dnia, powitanie S\u0142o\u0144ca*<br \/>\n8:00 \u015bniadanie (we w\u0142asnym zakresie lub mo\u017cliwo\u015b\u0107 wykupienia w Pensjonacje)<br \/>\n9:00 nauka<br \/>\n12:00 obiad, spacer lub odpoczynek<br \/>\n14:00 praktyka<br \/>\n18:00 kolacja (we w\u0142asnym zakresie)<br \/>\n20:00 nauka<br \/>\n21.30 odpoczynek, sen<\/p>\n<p>&nbsp;<\/p>\n<p>* Pierwszy dzie\u0144 kursu zaczynamy o 9:00<\/p>\n<p>&nbsp;<\/p>\n<p>TERMINY:<\/p>\n<p>Poziom 1. Maj 11-15 2024<br \/>\nPoziom 2. Czerwiec 8-12 2024<br \/>\nPoziom 3. Sierpie\u0144 21-25 2024<br \/>\nPoziom 4. Wrzesie\u0144 11-15 2024<\/p>\n<p>Kurs odbywa si\u0119 w Podkowie Le\u015bnej pod Warszaw\u0105, w formie stacjonarnej z noclegiem w Pensjonacie Krzysin <a href=\"https:\/\/l.facebook.com\/l.php?u=http%3A%2F%2Fwww.krzysin.pl%2F%3Ffbclid%3DIwAR3jdoavaVNd7ZKJwEMoqRHm296zR2bLBh_aKdKPpGsGQ0CN1timugKH-vs&amp;h=AT3EpgNdsHefrfvRP0KG6G_bzcvi49Br1nIPoFx2Gdp-oupLSiHkc_tizjqtMrORCBUbxRsZn3oF4cotpkdC3bz1gd8I-P3xPcHFFBjtZLl84q4wX9oepeU0vgg9O2CDUABT&amp;__tn__=q&amp;c%5b0%5d=AT2HRDRnvljgq5AsHjqz2DwLa-VXBrdH0MbxWnL0ycsvaqfqHSyBZ4quNKB8E3LHGQ8mXIf6fK8bMpF6s3dI3R5N4SWs3cvjdvPcKe0WwtGMy3V4qgXEldA3lnLehmtzK_AE5LLzgeEGKECQYCHSFYCu5kEu\">www.krzysin.pl<\/a><\/p>\n<p>Cena: PLN 2900 \/ poziom<\/p>\n<p>Cena obejmuje pi\u0119ciodniowy kurs, zakwaterowanie (4 noclegi w pokojach 2-3 osobowych, ka\u017cdy z \u0142azienk\u0105 i prysznicem) oraz wy\u017cywienie (5 obiad\u00f3w). Mo\u017cliwo\u015b\u0107 wykupienia \u015bniadania w pensjonacie (PLN 35)<\/p>\n<p>Zg\u0142oszenia: paulina.gedymin@gmail.com, tel: 789 125 599<\/p>\n<p>Prosimy o dokonywanie zg\u0142osze\u0144 poprzez wype\u0142nienie i przes\u0142anie Formularza Zg\u0142oszeniowego, do pobrania <a href=\"http:\/\/www.integratedlomilomi.com\/wp-content\/uploads\/2024\/01\/Formularz-zgloszeniowy-Integrated-Lomi-Lomi_Krzysin2024.docx\"><strong>tutaj<\/strong><\/a><\/p>\n<p>Wydarzenie na Facebook <a href=\"https:\/\/fb.me\/e\/xb8CHtuMZ\" target=\"_blank\" rel=\"noopener\"><strong>tutaj<\/strong><\/a><\/p>\n<p>Termin zg\u0142osze\u0144 do: 15.04.2024<\/p>\n<p>Rezerwacj\u0105 miejsca jest wp\u0142ata zaliczki na poczet pobytu 300 PLN na konto Pensjonatu Krzysin<\/p>\n<p>Dla os\u00f3b, kt\u00f3re dokonaj\u0105 wp\u0142aty zaliczki do 01.03.2024 cena to PLN 2700<\/p>\n<p>Dane do przelewu:<br \/>\nBank Sp\u00f3\u0142dzielczy<br \/>\n24 9291 0001 0098 7460 3000 0010<br \/>\nPensjonat Krzysin<br \/>\nul. Sienkiewicza 7, 05-807 Podkowa Le\u015bna<\/p>\n<p>&nbsp;<\/p>\n<p><\/p>\n<!-- AddThis Advanced Settings generic via filter on the_content --><!-- AddThis Share Buttons generic via filter on the_content -->","protected":false},"excerpt":{"rendered":"<p>INTENSYWNY WARSZTAT INTEGRATED LOMILOMI W PODKOWIE LE\u015aNEJ 11-15 maja, 2024 &nbsp; Intensywny 5-dniowy warsztat-retreat, zaj\u0119cia od rana do p\u00f3\u017anego wieczora, w sali, w plenerze, skoncentrowany na zaj\u0119cia praktyczne, uczenie si\u0119 poprzez obserwacj\u0119, \u0107wiczenia, korekcje, autokorekcje i w\u0142a\u015bciwe interpretacje rezultat\u00f3w. Nauczymy si\u0119 tradycyjnego masa\u017cu lomilomi, umiej\u0119tno\u015bci skupienia uwagi, oraz rozwiniemy zaufanie do sztuki czytania informacji pochodz\u0105cych [&hellip;]<!-- AddThis Advanced Settings generic via filter on get_the_excerpt --><!-- AddThis Share Buttons generic via filter on get_the_excerpt --><\/p>\n","protected":false},"author":1,"featured_media":0,"parent":0,"menu_order":0,"comment_status":"closed","ping_status":"closed","template":"","meta":{"footnotes":""},"class_list":["post-2274","page","type-page","status-publish","hentry"],"_links":{"self":[{"href":"https:\/\/www.integratedlomilomi.com\/pl\/wp-json\/wp\/v2\/pages\/2274","targetHints":{"allow":["GET"]}}],"collection":[{"href":"https:\/\/www.integratedlomilomi.com\/pl\/wp-json\/wp\/v2\/pages"}],"about":[{"href":"https:\/\/www.integratedlomilomi.com\/pl\/wp-json\/wp\/v2\/types\/page"}],"author":[{"embeddable":true,"href":"https:\/\/www.integratedlomilomi.com\/pl\/wp-json\/wp\/v2\/users\/1"}],"replies":[{"embeddable":true,"href":"https:\/\/www.integratedlomilomi.com\/pl\/wp-json\/wp\/v2\/comments?post=2274"}],"version-history":[{"count":28,"href":"https:\/\/www.integratedlomilomi.com\/pl\/wp-json\/wp\/v2\/pages\/2274\/revisions"}],"predecessor-version":[{"id":2335,"href":"https:\/\/www.integratedlomilomi.com\/pl\/wp-json\/wp\/v2\/pages\/2274\/revisions\/2335"}],"wp:attachment":[{"href":"https:\/\/www.integratedlomilomi.com\/pl\/wp-json\/wp\/v2\/media?parent=2274"}],"curies":[{"name":"wp","href":"https:\/\/api.w.org\/{rel}","templated":true}]}}