{"id":2356,"date":"2024-04-24T15:38:01","date_gmt":"2024-04-24T15:38:01","guid":{"rendered":"https:\/\/www.integratedlomilomi.com\/?page_id=2356"},"modified":"2024-05-20T11:49:29","modified_gmt":"2024-05-20T11:49:29","slug":"pl-polecani-masazysci","status":"publish","type":"page","link":"https:\/\/www.integratedlomilomi.com\/pl\/polecani-masazysci-2\/","title":{"rendered":""},"content":{"rendered":"<p>Julia Wakulewska<\/p>\n<p>Ul. Brukowa 24\/56 15-889 Bia\u0142ystok <a href=\"http:\/\/www.zrefleksowana.pl\/?fbclid=IwZXh0bgNhZW0CMTAAAR0TR_kW2ZQhIgBMbg-MR4AH0tW_h-0OBwVCWgtZHu8VjfAcFqYBh1I2mko_aem_AS29VPFe8HnlN5DCb3rJt5UmhAbLzCfFtGJy0aOjjJjJQ5v0NdQYe8g1H-QyiwTeaCHNz-DApIyiaytIR5I0di3U\" target=\"_blank\" rel=\"noopener\">www.zrefleksowana.pl<\/a><\/p>\n<p>Tel: 534442553<\/p>\n<p>*****<\/p>\n<p>Lilola Aleksandra Ka\u017amierska (Terapie pozytywne duszy i cia\u0142a)<\/p>\n<p>Krak\u00f3w, tel 791-742-831 <a href=\"mailto:o.kazmierska@gmail.com\">o.kazmierska@gmail.com<\/a><\/p>\n<p>www.lilola.pl<\/p>\n<p><a href=\"https:\/\/www.facebook.com\/profile.php?id=100063795572779\" target=\"_blank\" rel=\"noopener\">FB<\/a>\u00a0 <a href=\"https:\/\/www.instagram.com\/terapie_naturalne_a_kazmierska?igsh=eDNxM3dmaWZ4MTdj&amp;utm_source=qr\" target=\"_blank\" rel=\"noopener\">INSTAGRAM<\/a><\/p>\n<p>*****<\/p>\n<p>Good Life Massage Monika Tabaka Tel. 733 171 708 Szajnowicza 9\/U3 Warszawa (Ursyn\u00f3w-Kabaty) <a href=\"https:\/\/www.facebook.com\/MonikaTabakaGoodLife\" target=\"_blank\" rel=\"noopener\">FB<\/a><\/p>\n<p>*****<\/p>\n<p>Paulina Gedymin<\/p>\n<p>Le\u015bna Przestrze\u0144 Masa\u017cu<br \/>\nul. Sienkiewicza 705-807 Podkowa Le\u015bna +48789125599<\/p>\n<p><a href=\"mailto:paulina.gedymin@gmail.com\">paulina.gedymin@gmail.com<\/a><\/p>\n<p>*****<\/p>\n<p>Judyta Pieprzyk, \u201eCzu\u0142o\u015b\u0107\u201d, ul. Berezy\u0144ska 11\/1, Warszawa <a href=\"https:\/\/www.instagram.com\/c_z_u_l_o_s_c?igsh=MTVhanl4dWFkM3oweA%3D%3D&amp;utm_source=qr\" target=\"_blank\" rel=\"noopener\">INSTAGRAM<\/a><\/p>\n<p>*****<\/p>\n<p>Ma\u0142gorzata Wiaderny; Marina masa\u017cowa przysta\u0144, <a href=\"https:\/\/l.facebook.com\/l.php?u=http%3A%2F%2Fwww.przystan-masazowa.pl%2F%3Ffbclid%3DIwZXh0bgNhZW0CMTAAAR1CmZjM1Pv9vKQa7XRU_nM5hRq-awrP-Oqi1vxBzEc0E-BHbo54orMAn2s_aem_ATuWTsElyXDkPmn1ed1cOsAn6OJXYnxWgJzXFDevo0YKyyLxL6Dqt90DXaDPGIZbvJqEgosQFOTk5hbvF0AbBaal&amp;h=AT14kOvAzYa6yY0PzrXZ4N64fMHXOmwHCIjcCwC8tx4jgIhLNBLy4e1xzjux-w4GjSu12wxf7L1gkMdE9ooxtzABGo2PupJqKRd8XORINO4JZAStlRRCkWQIBDcNJUULYifUFw\" target=\"_blank\" rel=\"noopener\">www.przystan-masazowa.pl<\/a> , Warszawa i okolice, 502-952-777<\/p>\n<p>*****<\/p>\n<p>Barbara Zaborowska, Matariki bodywork, Ho\u017ca 51, Warszawa Kontakt:<a href=\"https:\/\/www.instagram.com\/matariki_bodywork?igsh=d3A4cTdkaDExMnli&amp;utm_source=qr\" target=\"_blank\" rel=\"noopener\">INSTAGRAM<\/a> 502 500 894<\/p>\n<p>*****<\/p>\n<p>Aleksandra Narwojsz &#8211; \u015aliwi\u0144ska Gabinet \u201eCa\u0142a z cia\u0142a\u201d Warszawa (\u017boliborz) ul. Boguckiego 1a Tel. (+48) 668452991 <a href=\"https:\/\/www.calazciala.pl\/?fbclid=IwZXh0bgNhZW0CMTAAAR3Crg1eLp8YsKIl5724cGO8tka5PvRJ6RHPKCS_rwYnbAoumNZ6symTPG8_aem_ATvZ694RvNl7-AXVAQJmmUXQiZ44iWjrVadCUqn-0wscNy9oRJpTLFbSMhH2TuXsV2BFTeMg_H1NLPcO1OomLV3Z\" target=\"_blank\" rel=\"noopener\">https:\/\/www.calazciala.pl<\/a> <a href=\"https:\/\/l.facebook.com\/l.php?u=https%3A%2F%2Fwww.instagram.com%2Fcala_z_ciala%2F%3Ffbclid%3DIwZXh0bgNhZW0CMTAAAR2O7hy6JVTEuBrSbvPzAdVEyXYxi2BssTJsOUmxYkLcswNALnUsA-5RTaM_aem_ATvPiN7dHio6xqMwNgujZ2IvIzemYuk1DJWnzPBT5feVuB4UBH5Xr6cHin_cEel5NH1lhbNiGYqMJp_n1HF09Y8q&amp;h=AT0wcsy0g_40hgA7jKsDDqZhPDWkWqQTTAf9zR6_ZS4VTXX3tq12QsfcmkqjT0bxMk6Fw0EWl8vKm8DtNDMEMq6STtiLSL8SkVJWztJYM41blblL8LGquxbcfO1cZzeNjZcrUw\" target=\"_blank\" rel=\"noopener\">INSTAGRAM<\/a><\/p>\n<p><a href=\"https:\/\/www.facebook.com\/calazciala\">FB<\/a><\/p>\n<p>*****<\/p>\n<p>Dominika \u015awiat\u0142o\u0144 Studio Arkadia Cia\u0142a Masa\u017c i Refleksologia Krak\u00f3w +48 791479100 kontakt@arkadiaciala.pl\u00a0 <a href=\"https:\/\/l.facebook.com\/l.php?u=http%3A%2F%2Fwww.arkadiaciala.pl%2F%3Ffbclid%3DIwZXh0bgNhZW0CMTAAAR3krNSXdW5Ae5mJodsFFQma9Ix2wWro1UC7MkywSdog6hb4vr7LBVhnDQQ_aem_ATsm4JFi5z2_Ho8R7FsWj6OQRhSe4cjkx5I7X2agVQMFFxwyzQHuXbkp0BfBccdsJ_oyGu4sZP6GPNdJZlZFjxCJ&amp;h=AT0wcsy0g_40hgA7jKsDDqZhPDWkWqQTTAf9zR6_ZS4VTXX3tq12QsfcmkqjT0bxMk6Fw0EWl8vKm8DtNDMEMq6STtiLSL8SkVJWztJYM41blblL8LGquxbcfO1cZzeNjZcrUw\" target=\"_blank\" rel=\"noopener\">www.arkadiaciala.pl<\/a> <a href=\"https:\/\/www.facebook.com\/arkadia.ciala\" target=\"_blank\" rel=\"noopener\">FB<\/a><\/p>\n<p>*****<\/p>\n<p>Karolina Nowomiejska &#8211; Gabinet wSPAniale &#8211; ul. Mleczarska 9B lok. 6; Nowa Iwiczna k. Piaseczna &#8211; Instagram: wspaniale_gabinet Tel. 796 940 845 <a href=\"https:\/\/booksy.com\/pl-pl\/90319_gabinet-kosmetyczny-wspaniale_salon-kosmetyczny_4353_piaseczno?fbclid=PAZXh0bgNhZW0BMQABpkEC8Zf7Bc5LIcRnvnKhYtUKnXRcu9Ho2ocAcApaWJ2S2h8Tssjbwtdqfg_aem_ATuWARPI5Bobk6mK5hvglzpiQEg0D2uLB6IPnLJF6wNhkwAIs_ZZEWVuxs0ImAYtPLo\" target=\"_blank\" rel=\"noopener\">Booksy<\/a><\/p>\n<p>*****<\/p>\n<p>Ola Szewe\u0142a, Warszawa-Bia\u0142o\u0142\u0119ka, Messenger: <a href=\"https:\/\/www.facebook.com\/lomilomioli\">https:\/\/www.facebook.com\/lomilomioli<\/a><\/p>\n<p>*****<\/p>\n<p>Magda Czarny Sister Soul Warszawa \u017boliborz Tel. 509 720 866<\/p>\n<p>sistersoul.bodywork@gmail.com <a href=\"https:\/\/www.facebook.com\/sistersoul.bodywork\/\" target=\"_blank\" rel=\"noopener\">Fb<\/a> <a href=\"https:\/\/www.instagram.com\/sistersoul_bodywork\/\" target=\"_blank\" rel=\"noopener\">Instagram<\/a><\/p>\n<p>*****<\/p>\n<p>Anna Karna<\/p>\n<p>Brodzi\u0144skiego 3\/11, Krak\u00f3w<\/p>\n<p>+48 505 571 568 kahunakontakt@gmail.com <a href=\"https:\/\/kahunamasaz.pl\/?fbclid=IwZXh0bgNhZW0CMTAAAR1BFUPpjl32IDKq8aXb6NIcfysc2tUsG8JU9kNprZ180xpmHCfTQKkWBH4_aem_Adkls1Zs_4citXPi8SPv22mn3sFM7YNI2WG_YHigt6yj3sUepztRnU4P2_Ka9LFdGzPnNjB98K4QhZYT5Rr54lvb\" target=\"_blank\" rel=\"noopener\">kahunamasaz.pl<\/a><\/p>\n<p>*****<\/p>\n<p>Monika Kluba MIKORASO HOLISTIC Bergen, Norwegia Mikoraso.holistic@gmail.com Tel. 92507855 <a href=\"https:\/\/www.instagram.com\/mikoraso.holistic?igsh=MWdINSTAGRAM6dndkMmMxdXpuYQ==\" target=\"_blank\" rel=\"noopener\">INSTAGRAM<\/a><\/p>\n<p>*****<\/p>\n<p>Kasia Szajdek Sztuka Spokoju Warszawa (Praga Po\u0142udnie),\u00a0 <a href=\"https:\/\/www.instagram.com\/mikoraso.holistic?igsh=MWdINSTAGRAM6dndkMmMxdXpuYQ==\" target=\"_blank\" rel=\"noopener\">FB<\/a> \u00a0\u00a0 <a href=\"http:\/\/www.sztukaspokoju.pl\" target=\"_blank\" rel=\"noopener\">www.sztukaspokoju.pl<\/a><\/p>\n<p>*****<\/p>\n<p>Maja Hawranek &#8211; Mech i wdech<\/p>\n<div>\n<div>masa\u017c lomi lomi i k\u0105piele le\u015bne<\/div>\n<div><\/div>\n<div>Krak\u00f3w, ul. Meiselsa 4\/14<\/div>\n<div>tel. 603 930 546<\/div>\n<div>mail: <a href=\"mailto:mechiwdech@gmail.com\" target=\"_blank\" rel=\"noopener\">mechiwdech@gmail.com<\/a><\/div>\n<div><\/div>\n<div>\n<p><a href=\"https:\/\/www.instagram.com\/mechiwdech\/\" target=\"_blank\" rel=\"noopener\" data-saferedirecturl=\"https:\/\/www.google.com\/url?q=https:\/\/www.instagram.com\/mechiwdech\/&amp;source=gmail&amp;ust=1715424160993000&amp;usg=AOvVaw0e-V6mWAzSdCvlGi4jG0cA\">https:\/\/www.instagram.com\/<wbr \/>mechiwdech\/<\/a><\/p>\n<div>*****<\/div>\n<div>Karolina Molska<\/div>\n<div><span class=\"x4k7w5x x1h91t0o x1h9r5lt x1jfb8zj xv2umb2 x1beo9mf xaigb6o x12ejxvf x3igimt xarpa2k xedcshv x1lytzrv x1t2pt76 x7ja8zs x1qrby5j\"><span class=\"x193iq5w xeuugli x13faqbe x1vvkbs x1xmvt09 x1lliihq x1s928wv xhkezso x1gmr53x x1cpjm7i x1fgarty x1943h6x xudqn12 x3x7a5m x6prxxf xvq8zen xo1l8bm xzsf02u\" dir=\"auto\"><span role=\"gridcell\"><a class=\"x1i10hfl xjbqb8w x1ejq31n xd10rxx x1sy0etr x17r0tee x972fbf xcfux6l x1qhh985 xm0m39n x9f619 x1ypdohk xt0psk2 xe8uvvx xdj266r x11i5rnm xat24cr x1mh8g0r xexx8yu x4uap5 x18d9i69 xkhd6sd x16tdsg8 xggy1nq x1a2a7pz x1heor9g x1bvjpef\" tabindex=\"-1\" role=\"link\" href=\"https:\/\/www.karoholistictouch.com\" target=\"_blank\" rel=\"noreferrer noopener nofollow\">https:\/\/www.karoholistictouch.com<\/a><\/span> instagram: <span role=\"gridcell\"><a class=\"x1i10hfl xjbqb8w x1ejq31n xd10rxx x1sy0etr x17r0tee x972fbf xcfux6l x1qhh985 xm0m39n x9f619 x1ypdohk xt0psk2 xe8uvvx xdj266r x11i5rnm xat24cr x1mh8g0r xexx8yu x4uap5 x18d9i69 xkhd6sd x16tdsg8 xggy1nq x1a2a7pz x1heor9g x1bvjpef\" tabindex=\"-1\" role=\"link\" href=\"https:\/\/www.instagram.com\/karo.holistic.touch\/\" target=\"_blank\" rel=\"noreferrer noopener nofollow\">https:\/\/www.instagram.com\/karo.holistic.touch\/<\/a><\/span> Karo Holisitc Touch Cabanyal, Valencia, Spain<\/span><\/span><\/div>\n<div>*****<\/div>\n<div>TENERIFE<\/div>\n<\/div>\n<div><span class=\"x4k7w5x x1h91t0o x1h9r5lt x1jfb8zj xv2umb2 x1beo9mf xaigb6o x12ejxvf x3igimt xarpa2k xedcshv x1lytzrv x1t2pt76 x7ja8zs x1qrby5j\"><span class=\"x193iq5w xeuugli x13faqbe x1vvkbs x1xmvt09 x1lliihq x1s928wv xhkezso x1gmr53x x1cpjm7i x1fgarty x1943h6x xudqn12 x3x7a5m x6prxxf xvq8zen xo1l8bm xzsf02u\" dir=\"auto\">Marina Godlewska,\u00a0 Adeje, Tijoco Bajo. +34611275155 <a href=\"https:\/\/www.facebook.com\/godella.bodytherapy\" target=\"_blank\" rel=\"noopener\">FB<\/a><\/span><\/span><\/div>\n<div><a href=\"https:\/\/www.instagram.com\/godella_bodytherapy?igsh=MTVsZmI3NHYzamdoaA%3D%3D&amp;utm_source=qr\" target=\"_blank\" rel=\"noopener\">INSTAGRAM<\/a><\/div>\n<div>*****<\/div>\n<div><span class=\"x4k7w5x x1h91t0o x1h9r5lt x1jfb8zj xv2umb2 x1beo9mf xaigb6o x12ejxvf x3igimt xarpa2k xedcshv x1lytzrv x1t2pt76 x7ja8zs x1qrby5j\"><span class=\"x193iq5w xeuugli x13faqbe x1vvkbs x1xmvt09 x1lliihq x1s928wv xhkezso x1gmr53x x1cpjm7i x1fgarty x1943h6x xudqn12 x3x7a5m x6prxxf xvq8zen xo1l8bm xzsf02u\" dir=\"auto\">Yanina Andreieva .tel +48 574 174 725 Warszawa<\/span><\/span> (r\u00f3\u017cne miejsca)<\/div>\n<div>*****<\/div>\n<\/div>\n<pre>BUDAPEST\r\n\r\nHonti M\u00f3nika Budapest 4. Ker\u00fclet, \u00dajpest\u00a0\r\nFacebook oldal: <a href=\"https:\/\/www.facebook.com\/moncsih555\">https:\/\/www.facebook.com\/moncsih555<\/a>\r\n*****\r\nHerczegh Katalin\r\n\r\nL\u00e9lektakar\u00f3 \/ Csend T\u00e9r Budapest, XII. ker\u00fclet, Zirzen Janka utca 27.\r\n<a href=\"http:\/\/www.lelektakaro.hu\/\" target=\"_blank\" rel=\"noopener\">www.lelektakaro.hu<\/a>\r\n<a href=\"https:\/\/www.facebook.com\/CsendTer\" target=\"_blank\" rel=\"noopener\">https:\/\/www.facebook.com\/CsendTer<\/a>\r\n<a href=\"https:\/\/www.facebook.com\/Lelektakaro\" target=\"_blank\" rel=\"noopener\">https:\/\/www.facebook.com\/Lelektakaro<\/a>\r\n+36702991715\r\n*****\r\n\r\nSalamon \u00c1gnes\r\n\r\nBudapest VII ker\u00fclet Nefelejcs utca 54. 1 emelet l\r\n<a href=\"http:\/\/salamonagnes.hu\/\" target=\"_blank\" rel=\"noopener\">salamonagnes.hu<\/a>\r\n<a href=\"https:\/\/www.facebook.com\/salamonmassage\/\">https:\/\/www.facebook.com\/salamonmassage\/<\/a>\r\n*****\r\nKvassay Barbara\r\n\r\nHO\u02bbOMAIKA\u02bbI\r\n\r\nBudapest\r\n<a href=\"https:\/\/hoomaikai.hu\/\" target=\"_blank\" rel=\"noopener\">https:\/\/hoomaikai.hu<\/a>\r\n<a href=\"https:\/\/kvassaybarbara.hu\/\" target=\"_blank\" rel=\"noopener\">https:\/\/kvassaybarbara.hu<\/a>\r\n<a href=\"https:\/\/www.facebook.com\/hoomaikai.masszazs\" target=\"_blank\" rel=\"noopener\">https:\/\/www.facebook.com\/hoomaikai.masszazs<\/a>***\r\n*****\r\nLenkefi Zita, 3.ker\u00fclet. 06209841127\r\n*****\r\nKocsiczki Ingrid\r\n<a href=\"https:\/\/www.facebook.com\/profile.php?id=100067700538028\" target=\"_blank\" rel=\"noopener\">F\u00f6nix rendel\u0151<\/a> \u00a0  \r\n\r\n1089 Budapest, K\u00e1lv\u00e1ria t\u00e9r 13.\r\n*****\r\nVadkerti Melinda L\u00e9t\u00e9rz\u00e9s lomi lomi massz\u00e1zs\u00a0\r\nBudapest I. ker\u00fclet\r\n<a href=\"https:\/\/www.instagram.com\/leterzes_lomilomimasszazs?igsh=Y2U1YWgyeXdkOWpr\" target=\"_blank\" rel=\"noopener\">https:\/\/www.instagram.com\/leterzes_lomilomimasszazs?igsh=Y2U1YWgyeXdkOWpr<\/a>***\r\n*****\r\nBAJA\r\nSzenczi \u00c9va\u00a0\r\nLaz\u00edt-lak 06707732889\r\n*****\r\n\r\nGY\u0150R\r\nMoana Massz\u00e1zs St\u00fadi\u00f3\r\nBajor Veronika, Lampert \u00c1rp\u00e1d\r\nGy\u0151r, Damjanich u. 3.\r\n<a href=\"http:\/\/www.lomilomigyorben.hu\/\" target=\"_blank\" rel=\"noopener\">www.lomilomigyorben.hu<\/a><a href=\"https:\/\/www.facebook.com\/lomilomigyorben\" target=\"_blank\" rel=\"noopener\">FB<\/a>\r\n*****\r\n\r\nG\u00d6D\u00d6LL\u0150\r\nSteiner Attila\r\nSzabadon sz\u00e1rnyalok massz\u00e1zs\r\n<a href=\"https:\/\/www.facebook.com\/masszazsaloha\" target=\"_blank\" rel=\"noopener\">https:\/\/www.facebook.com\/masszazsaloha<\/a>\r\n*****\r\n\r\nETYEK\r\nVajda M\u00f3nika\u00a0\r\nFlaming\u00f3 Panzi\u00f3 \u00e9s Borh\u00e1z\u00a0\r\nEtyek, B\u00e1thori u. 16.<a href=\"https:\/\/www.facebook.com\/lomimasszazsetyek\">https:\/\/www.facebook.com\/lomimasszazsetyek<\/a>***\r\n*****\r\n\r\nJ\u00c1SZBOLDOGH\u00c1ZA \r\n\r\nBajnok u 15. Balog Tibor\r\nTelefon: +36 20 299 1447\r\nE-mail: <a href=\"mailto:tibor.balog55@gmail.com\" target=\"_blank\" rel=\"noopener\">tibor.balog55@gmail.com<\/a> Szolnok, Cegl\u00e9d, J\u00e1szber\u00e9ny vonz\u00e1sk\u00f6rzet,\r\n*****\r\nR\u00c1CALM\u00c1S\r\nSzak\u00e1cs M\u00f3nika Jankovich Hotel\r\n2459 R\u00e1calm\u00e1s, Jankovich Mikl\u00f3s k\u00f6z 1.\r\ntelefonsz\u00e1m:+36303368081\r\n<a href=\"https:\/\/www.facebook.com\/monika.szakacs.1\" target=\"_blank\" rel=\"noopener\">Facebook\/messenger<\/a>\r\nEmail c\u00edm: <a href=\"mailto:minea70@gmail.com\" target=\"_blank\" rel=\"noopener\">minea70@gmail.com<\/a>\r\n*****\r\nVERESEGYH\u00c1Z\r\nNagy \u00c1gota -Aloha wai\r\n2112, Ond vez\u00e9r u. 9.\r\nFB: <a href=\"https:\/\/www.facebook.com\/profile.php?id=61553562013575\" target=\"_blank\" rel=\"noopener\">https:\/\/www.facebook.com\/profile.php?id=61553562013575<\/a>\r\nEmail: <a href=\"mailto:aloha.wai.ago@gmail.com\" target=\"_blank\" rel=\"noopener\">aloha.wai.ago@gmail.com<\/a>\r\n<a href=\"http:\/\/www.alohawai.hu\/\" target=\"_blank\" rel=\"noopener\">www.alohawai.hu<\/a> \r\nTel: +36-30-284-3367\r\n\r\n*****\r\nSOPRON - FERT\u0150R\u00c1KOS\r\nVarga Istv\u00e1n\u00a0\r\nHoldtenger <a href=\"https:\/\/www.facebook.com\/holdtenger\" target=\"_blank\" rel=\"noopener\">https:\/\/www.facebook.com\/holdtenger<\/a>\r\n<a href=\"http:\/\/www.holdtenger.hu\/\" target=\"_blank\" rel=\"noopener\">www.holdtenger.hu<\/a>\r\n*****\r\nSz\u0151ke Karola\r\nV\u00e1c, Body and Mind st\u00fadi\u00f3\r\nBudapest, 5. ker. Gerinc \u00e9s eg\u00e9szs\u00e9gk\u00f6zpont\r\nAzori-szigetek, S\u00e3o Miguel sziget, Furnas v\u00e1ros\r\nUSA, New York \u00e1llam, Highland\r\n<a href=\"https:\/\/www.facebook.com\/profile.php?id=100063708814653\" target=\"_blank\" rel=\"noopener\">FB<\/a>\r\n*****\r\n\u00c1gai Szilvia 1188 Budapest, Arany Janos u.15. Tel 06303869675\r\n***\r\nNagy Eszter, Budapest Gazdagr\u00e9t, <a href=\"http:\/\/facebook.com\/eletlelegzete\" target=\"_blank\" rel=\"noopener\">facebook.com\/eletlelegzete<\/a> 06306478567\r\n*****\r\nKiss Vikt\u00f3ria\u00a0\r\nBp. 2. ker\u00fclet, Pajzs utca 16.\u00a0\r\nTel.: 06-30\/253-8542\r\nFacebook\/Instagram: <a href=\"https:\/\/www.facebook.com\/hangillat\/\" target=\"_blank\" rel=\"noopener\">Hangillat<\/a>\r\n******\r\nJuh\u00e1sz Gergely\r\n1022, Budapest, Bimb\u00f3 \u00fat 30.\r\nTel.: +36705533047\r\nEmail: <a href=\"mailto:jgergo7@gmail.com\" target=\"_blank\" rel=\"noopener\">jgergo7@gmail.com<\/a>\u00a0\r\n<a href=\"http:\/\/www.juhaszgergely.hu\/\" target=\"_blank\" rel=\"noopener\">www.juhaszgergely.hu<\/a>\r\n<a href=\"https:\/\/www.facebook.com\/profile.php?id=100088478550036\" target=\"_blank\" rel=\"noopener\">https:\/\/www.facebook.com\/profile.php?id=100088478550036<\/a>***\r\n*****\r\nN\u00e9meth Szilvia\r\nBudapest XII. ker.\r\n<a href=\"mailto:nemethszilvi@gmail.com\" target=\"_blank\" rel=\"noopener\">nemethszilvi@gmail.com<\/a>\r\n+36 30 363 4124\r\n*****\r\n\r\nSOPRON\r\nWalter Dorottya\r\n\r\n<a href=\"https:\/\/etmasszazs.hu\/\" target=\"_blank\" rel=\"noopener\">https:\/\/etmasszazs.hu\/<\/a>\r\n<a href=\"https:\/\/www.facebook.com\/walterdorottya\" target=\"_blank\" rel=\"noopener\">https:\/\/www.facebook.com\/walterdorottya<\/a>***\r\n*****\r\nVIENNA\r\nVarga Zs\u00f3fia Mobil massz\u0151r \r\nB\u00e9cs 14;15;16;17;18;19;7;8; ker\u00fcleteiben\r\n00436765908358\r\n<a href=\"mailto:zsofia.racz2@gmail.com\" target=\"_blank\" rel=\"noopener\">zsofia.racz2@gmail.com<\/a>\r\n*****\r\n\r\nSZEGED\r\nKov\u00e1cs Judit, <a href=\"https:\/\/www.facebook.com\/profile.php?id=100093346260464\" target=\"_blank\" rel=\"noopener\">FB<\/a>\r\n*****\r\nTATA\r\nB\u00f3nyai Nikolett\r\n06205145481\u00a0\r\n<a href=\"http:\/\/www.bonyainiki.hu\/\" target=\"_blank\" rel=\"noopener\">www.bonyainiki.hu<\/a> L\u00e9lekLabor - Tata, Piac t\u00e9r 9. \r\nFacebook: <a href=\"https:\/\/www.facebook.com\/leleklabor.bonyainiki\" target=\"_blank\" rel=\"noopener\">https:\/\/www.facebook.com\/leleklabor.bonyainiki<\/a>***\r\n*****\r\nBUDAPEST, G\u00d6D\u00d6LL\u0150\r\nBoda Judit\r\nBudapest, 7. ker Damjanich utca V\u00e1ltoz\u00e1s Seg\u00edt\u0151 m\u0171hely\r\nG\u00f6d\u00f6ll\u0151, Sz\u00e9chenyi utca 5.\r\n<a href=\"https:\/\/www.facebook.com\/profile.php?id=100067475894670\" target=\"_blank\" rel=\"noopener\">Fb<\/a>\r\n*****\r\nSZ\u00c9KESFEH\u00c9RV\u00c1R, BUDAPEST\r\nHorv\u00e1th Irma\r\n<a href=\"https:\/\/www.facebook.com\/profile.php?id=61553971536685\" target=\"_blank\" rel=\"noopener\">https:\/\/www.facebook.com\/profile.php?id=61553971536685<\/a> \r\n<a href=\"http:\/\/www.horvathirma.hu\/\" target=\"_blank\" rel=\"noopener\">www.horvathirma.hu<\/a>\r\n*****\r\nBUDAPEST\r\nBotk\u00e1n\u00e9 Hajd\u00fa M\u00f3nika\r\n1163 Gordonka utca 59.\r\nTel. 06308134322\r\n<a href=\"https:\/\/www.facebook.com\/profile.php?id=61550342882991\">https:\/\/www.facebook.com\/profile.php?id=61550342882991<\/a>***\r\n\r\nBUDAPEST\r\nTak\u00e1cs Bal\u00e1zs\r\n1145 Budapest Emma k\u00f6z 1., 1\/5, 5-\u00f6s cseng\u0151\r\n<a href=\"https:\/\/balazstakacs.hu\/\" target=\"_blank\" rel=\"noopener\">https:\/\/balazstakacs.hu\/<\/a>\r\n<a href=\"mailto:hello@balazstakacs.hu\" target=\"_blank\" rel=\"noopener\">hello@balazstakacs.hu<\/a>\r\n0630\/438-1520\r\n<a href=\"https:\/\/www.facebook.com\/takacsbalazsmasszazs\/\" target=\"_blank\" rel=\"noopener\">https:\/\/www.facebook.com\/takacsbalazsmasszazs\/<\/a>\r\n<a href=\"https:\/\/www.instagram.com\/takacsbalazsmasszazs\/\">https:\/\/www.instagram.com\/takacsbalazsmasszazs\/<\/a>\r\n*****\r\nANDONAKT\u00c1LYA, BUDAPEST\r\n\r\nMegyeri Zolt\u00e1n S\u00e1ndor\r\n+36 30 279 5020\r\n<a href=\"mailto:megyeri.zoltan.sandor@gmail.com\">megyeri.zoltan.sandor@gmail.com<\/a>\r\n<a href=\"https:\/\/www.facebook.com\/LomilomiEger\" target=\"_blank\" rel=\"noopener\">Fb <\/a>\r\n*****\r\n\r\nSZ\u00c9KESFEH\u00c9RV\u00c1R\r\n\r\nPap Eszter + T\u00f3th Zolt\u00e1n, Csillagtenger massz\u00e1zs \r\n\r\n<a href=\"https:\/\/www.facebook.com\/lomilomid\">https:\/\/www.facebook.com\/lomilomid<\/a>\r\n*****\r\n\r\nMALLORCA, CSERSZEGTOMAJ\r\n\r\nVERDE OLA Masaje &amp; Yoga\u00a0\r\nT\u00fcke P\u00e9ter &amp; Sz\u00e1nt\u00f3 Szilvia\u00a0\r\nMALLORCA Studio - Islas Baleares - Espa\u00f1a\r\n\r\nCol\u00f3nia Sant Jordi 07638\r\nCarrer Burguera 2 Phone + Whatsapp + Telegram: 0034 677875694\r\n\r\nHUNGARY Wellness Yurts- Magyarorsz\u00e1g\u00a0\r\n\r\nCserszegtomaj 8372 K\u00e1polna sor 86.Telefon + WhatsApp: 0036 20 330 6112\r\nWeb: <a href=\"http:\/\/www.verdeola.com\/\" target=\"_blank\" rel=\"noopener\">www.verdeola.com<\/a>\r\nEmail: <a href=\"mailto:info@verdeola.com\" target=\"_blank\" rel=\"noopener\">info@verdeola.com<\/a>\r\nInsta: verdeolamasajeyoga\r\nFacebook: VERDE OLA Masaje y Yoga\u00e9\r\n*****\r\n\r\nBalatonf\u00fcred, Balatonalm\u00e1di \u00e9s a Balatonfelvid\u00e9k\r\n\r\nNagy Adrienn\r\n\r\n<a href=\"http:\/\/vandorlovarazskert.hu\/\" target=\"_blank\" rel=\"noopener\">vandorlovarazskert.hu<\/a>\r\n<a href=\"https:\/\/www.facebook.com\/profile.php?id=100070904604371\" target=\"_blank\" rel=\"noopener\">https:\/\/www.facebook.com\/profile.php?id=100070904604371<\/a>\r\ntel.: +36 30 642 0609\r\n*****\r\n\r\nBUDA\u00d6RS\r\n\r\nCzirj\u00e1k Roberta\r\n\r\n<a href=\"https:\/\/www.facebook.com\/robertamassagetherap\" target=\"_blank\" rel=\"noopener\">FB<\/a>\r\n\r\n06-70-362-0205\r\n*****\r\n\r\nBUDAPEST V., TATA\r\n\r\nHajdu-Natkai \u00c1gnes\r\n\r\n<a href=\"http:\/\/natkaiagi.hu\/\" target=\"_blank\" rel=\"noopener\">http:\/\/natkaiagi.hu\/<\/a>\u00a0\r\n\r\n<a href=\"http:\/\/www.hawaiihula.hu\/\">http:\/\/www.hawaiihula.hu\/<\/a>\r\n\r\n*****\r\nBUDAPEST\r\nPapp Be\u00e1ta\r\nT\u00e1tra utca 12\/ A 1. Cseng\u0151 Relax kuck\u00f3\r\n+36304666762\r\n<a href=\"mailto:beatapanyola@gmail.com\">beatapanyola@gmail.com<\/a>\r\n\r\n*****\r\nBUDAPEST\r\nSzab\u00f3 Rita - 1142, Szugl\u00f3 u. 125.D. - Tel: 06309323728\r\n\r\n*****\r\nGY\u00d6MR\u0150<\/pre>\n<div>Simon-Nagy Ol\u00edvia Molokai Lomilomi massz\u00e1zs<\/div>\n<div><a href=\"https:\/\/www.facebook.com\/molokai.lomilomi.masszazs\" target=\"_blank\" rel=\"noopener\" data-saferedirecturl=\"https:\/\/www.google.com\/url?q=https:\/\/www.facebook.com\/molokai.lomilomi.masszazs&amp;source=gmail&amp;ust=1714118881986000&amp;usg=AOvVaw1R9Hm6i1cDrC1BTt3jvMvE\">https:\/\/www.facebook.com\/<wbr \/>molokai.lomilomi.masszazs<\/a><\/div>\n<div>tel.:\u00a0+36702435296<\/div>\n<div>email: <a href=\"mailto:molokai.lomilomi.masszazs@gmail.com\" target=\"_blank\" rel=\"noopener\">molokai.lomilomi.masszazs@<wbr \/>gmail.com<\/a><\/div>\n<pre>*****<\/pre>\n<div class=\"gmail_default\">Dud\u00e1s Krisztina<\/div>\n<div class=\"gmail_default\">Budapest<\/div>\n<div class=\"gmail_default\"><a href=\"https:\/\/dudaskrisztina.hu\/\" target=\"_blank\" rel=\"noopener\" data-saferedirecturl=\"https:\/\/www.google.com\/url?q=https:\/\/dudaskrisztina.hu\/&amp;source=gmail&amp;ust=1714473008810000&amp;usg=AOvVaw1BczLlCPSWgyNQCblQhj-y\">https:\/\/dudaskrisztina.hu\/<\/a><\/div>\n<div class=\"gmail_default\">\u00a0<a href=\"https:\/\/www.facebook.com\/dudas.krisztina.masszazs\" target=\"_blank\" rel=\"noopener\" data-saferedirecturl=\"https:\/\/www.google.com\/url?q=https:\/\/www.facebook.com\/dudas.krisztina.masszazs&amp;source=gmail&amp;ust=1714473008810000&amp;usg=AOvVaw2qGa1w1zKRxE512HQEE0e1\">https:\/\/www.facebook.<wbr \/>com\/dudas.krisztina.masszazs<\/a><\/div>\n<pre><\/pre>\n<p>*****<\/p>\n<p>BUDAPEST Karagianni Niki<\/p>\n<div>1133 Tisza utca 11 Tel \/ WhatsApp: +3670\/229-5735<\/div>\n<div>*****<\/div>\n<div><\/div>\n<div>GY\u0150R<\/div>\n<div>Mocs\u00e1n Ren\u00e1ta<br \/>\n+36 70 636 1041<\/div>\n<div><\/div>\n<div>*****<\/div>\n<div>Aotearoa \u2013 New Zealand<\/div>\n<div><\/div>\n<div>\n<div>Mira Gaia<\/div>\n<div dir=\"auto\"><\/div>\n<div dir=\"auto\">\u00a0605 Puponga main road Collingwood 7073<\/div>\n<div dir=\"auto\">\n<div dir=\"auto\"><\/div>\n<div dir=\"auto\">WhatsApp: +36205337502<\/div>\n<div dir=\"auto\"><a href=\"https:\/\/www.facebook.com\/pure.touch.agnes?mibextid=qi2Omg&amp;rdid=Xb7TWgJ0JwRpv0f2&amp;share_url=https%3A%2F%2Fwww.facebook.com%2Fshare%2FaXsqDxpWGByjvUbt%2F%3Fmibextid%3Dqi2Omg\" target=\"_blank\" rel=\"noopener\">FB<\/a><\/div>\n<\/div>\n<\/div>\n<div dir=\"auto\">*****<\/div>\n<p><\/p>\n<!-- AddThis Advanced Settings generic via filter on the_content --><!-- AddThis Share Buttons generic via filter on the_content -->","protected":false},"excerpt":{"rendered":"<p>Julia Wakulewska Ul. Brukowa 24\/56 15-889 Bia\u0142ystok www.zrefleksowana.pl Tel: 534442553 ***** Lilola Aleksandra Ka\u017amierska (Terapie pozytywne duszy i cia\u0142a) Krak\u00f3w, tel 791-742-831 o.kazmierska@gmail.com www.lilola.pl FB\u00a0 INSTAGRAM ***** Good Life Massage Monika Tabaka Tel. 733 171 708 Szajnowicza 9\/U3 Warszawa (Ursyn\u00f3w-Kabaty) FB ***** Paulina Gedymin Le\u015bna Przestrze\u0144 Masa\u017cu ul. Sienkiewicza 705-807 Podkowa Le\u015bna +48789125599 paulina.gedymin@gmail.com ***** [&hellip;]<!-- AddThis Advanced Settings generic via filter on get_the_excerpt --><!-- AddThis Share Buttons generic via filter on get_the_excerpt --><\/p>\n","protected":false},"author":1,"featured_media":0,"parent":0,"menu_order":0,"comment_status":"closed","ping_status":"closed","template":"","meta":{"footnotes":""},"class_list":["post-2356","page","type-page","status-publish","hentry"],"_links":{"self":[{"href":"https:\/\/www.integratedlomilomi.com\/pl\/wp-json\/wp\/v2\/pages\/2356","targetHints":{"allow":["GET"]}}],"collection":[{"href":"https:\/\/www.integratedlomilomi.com\/pl\/wp-json\/wp\/v2\/pages"}],"about":[{"href":"https:\/\/www.integratedlomilomi.com\/pl\/wp-json\/wp\/v2\/types\/page"}],"author":[{"embeddable":true,"href":"https:\/\/www.integratedlomilomi.com\/pl\/wp-json\/wp\/v2\/users\/1"}],"replies":[{"embeddable":true,"href":"https:\/\/www.integratedlomilomi.com\/pl\/wp-json\/wp\/v2\/comments?post=2356"}],"version-history":[{"count":14,"href":"https:\/\/www.integratedlomilomi.com\/pl\/wp-json\/wp\/v2\/pages\/2356\/revisions"}],"predecessor-version":[{"id":2394,"href":"https:\/\/www.integratedlomilomi.com\/pl\/wp-json\/wp\/v2\/pages\/2356\/revisions\/2394"}],"wp:attachment":[{"href":"https:\/\/www.integratedlomilomi.com\/pl\/wp-json\/wp\/v2\/media?parent=2356"}],"curies":[{"name":"wp","href":"https:\/\/api.w.org\/{rel}","templated":true}]}}