{"id":39,"date":"2014-01-28T16:05:28","date_gmt":"2014-01-28T16:05:28","guid":{"rendered":"http:\/\/localhost\/2014%2001_farkas_tamas\/?page_id=39"},"modified":"2025-08-11T16:57:29","modified_gmt":"2025-08-11T16:57:29","slug":"fooldal","status":"publish","type":"page","link":"https:\/\/www.integratedlomilomi.com\/pl\/","title":{"rendered":"Home"},"content":{"rendered":"<p><\/p>\n<div class=\"art-content-layout\">\n<div class=\"art-content-layout-row\">\n<div><\/div>\n<div><strong>Aloha ia o&#8217;ka a pa&#8217;ulo &#8211; <\/strong><em>Spotykaj\u0105c si\u0119 w mi\u0142o\u015bci, stajemy si\u0119 jedno\u015bci\u0105<\/em><\/div>\n<div><\/div>\n<div>Polinezyjscy uzdrowiciele, zwani na Hawajach kahunami (na Tahiti tohunami, w Nowej Zelandii tohungami), ju\u017c na wiele stuleci przed pojawieniem si\u0119 wsp\u00f3\u0142czesnej zachodniej psychologii, odkryli \u015bcis\u0142\u0105 wsp\u00f3\u0142zale\u017cno\u015b\u0107 pomi\u0119dzy jakosci\u0105 relacji ze \u015bwiatem, najbli\u017cszym otoczeniem, i z samym sob\u0105, a stanem fizycznego i psychicznego zdrowia i losem. Co za tym idzie, odkryli \u017ce poprzez zmiany w przekonaniach, wierzeniach i sposobie widzenia \u015bwiata w kt\u00f3rym \u017cyjemy, oraz postrzegania w nim samego siebie, mo\u017cemy oddzia\u0142ywa\u0107 i wp\u0142ywa\u0107 na w\u0142asne psychosomatyczne symptomy, poziom energii i si\u0142y \u017cyciowej, skuteczno\u015b\u0107 u\u017cywania w\u0142asnej kreatywno\u015bci w tworzeniu sytuacji \u017cyciowych czy sposoby odnajdywania i utrzymywania poczucia szcz\u0119\u015bcia. Odizolowani od innych wp\u0142yw\u00f3w kulturowych, wypracowali proste i skuteczne sposoby przywracania r\u00f3wnowagi i harmonii w naszych relacjach, rozpoznawania sensu \u017cycia, zmiany nastroju czy wp\u0142ywu na stan zdrowia.<\/div>\n<div><\/div>\n<div><strong>Studiowanie polinezyjskich sztuk uzdrawiania<\/strong><\/div>\n<div>Sta\u0142y kontakt z przyrod\u0105, charakterystyczne dla wysp wulkanicznych intensywne wzajemne oddzia\u0142ywanie na siebie \u017cywio\u0142\u00f3w, piel\u0119gnowanie zdrowych relacji (PONO), si\u0142a i znaczenie wsp\u00f3lnoty (OHANA), rozumienie natury kreatywnej si\u0142y \u017cyciowej (MANA), odpowiednie, o\u017cywiajace techniki oddechowe (HA) Taniec (HULA), jako sztuka tworzenia historii\/losu, b\u0142ogos\u0142awie\u0144stwa i modlitwy (PULE), jako nieod\u0142\u0105czna cz\u0119\u015b\u0107 ka\u017cdej sytuacji \u017cyciowej, obecno\u015b\u0107 i wa\u017cna rola Przodk\u00f3w (AUMAKUA) w \u017cyciu ka\u017cdego cz\u0142owieka, przyjacielska otwarto\u015b\u0107 i atmosfera mi\u0142o\u015bci (ALOHA) &#8211; to per\u0142y kultury hawajskiej, aktualne, uniwersalne i godne studiowania przez wsp\u00f3\u0142czesnego cz\u0142owieka, bez wzgl\u0119du na jego miejsce urodzenia czy \u015bwiatopogl\u0105d.<\/div>\n<div><\/div>\n<div><strong>&#8222;Waiho wale kahiko&#8221; \u2013 <\/strong><em>Nadesz\u0142a pora ods\u0142oni\u0107 dawne tajemnice.<\/em><\/div>\n<div><\/div>\n<div>Wiedza <i>kahun\u00f3w<\/i> przez stulecia by\u0142a dost\u0119pna jedynie nielicznym wybra\u0144com. Kandydat\u00f3w na uczni\u00f3w poddawano licznym testom i wyzwaniom. Po przybyciu bia\u0142ych naje\u017ad\u017ac\u00f3w wszelka dzia\u0142alno\u015b\u0107 kahun\u00f3w, a tak\u017ce taniec hula zosta\u0142y zakazane i surowo karane. W poczatkach lat 70-tych ubieg\u0142ego wieku kultura i duchowo\u015b\u0107 hawajska powoli zacz\u0119\u0142a wychodzi\u0107 z \u201epodziemia\u201d. Znale\u017ali si\u0119 te\u017c tacy kahuni, jak Kahu Abraham Kawai&#8217;i, kt\u00f3rzy w staro\u017cytn\u0105 wiedz\u0119 zacz\u0119li wtajemnicza\u0107 r\u00f3wnie\u017c nie-Hawajczyk\u00f3w. Chcemy tak otrzyman\u0105 wiedz\u0105 podzieli\u0107 si\u0119 z zainteresowanymi. Chcemy przekaza\u0107 przede wszystkim to, co ka\u017cdy z nas b\u0119dzie m\u00f3g\u0142 zastosowa\u0107 w praktyczny spos\u00f3b dla polepszenia w\u0142asnego stanu zdrowia, uzdrowienia relacji, wzrostu i samorozwoju. Jako \u017ce my, jako istota duchowa \u017cyjemy obecnie w fizycznym ciele, wydaje si\u0119 celowym zacz\u0105\u0107 od niego. Od cia\u0142a, jako \u015bwi\u0105tyni Ducha. Do tej pory nie znale\u017ali\u015bmy lepszego medium ku temu, ni\u017c hawajski masa\u017c lomilomi<span style=\"font-family: Times New Roman,serif;\">\u263a<\/span> O warsztatach hawajskiej pracy z cia\u0142em czytaj w dziale <span style=\"color: #000080;\"><span style=\"text-decoration: underline;\"><a href=\"https:\/\/www.integratedlomilomi.com\/pl\/workshopok-pl-2\/\">warsztaty<\/a><\/span><\/span>.<\/div>\n<div><\/div>\n<div><\/div>\n<\/div>\n<\/div>\n<p><\/p>\n<!-- AddThis Advanced Settings generic via filter on the_content --><!-- AddThis Share Buttons generic via filter on the_content -->","protected":false},"excerpt":{"rendered":"<p>Aloha ia o&#8217;ka a pa&#8217;ulo &#8211; Spotykaj\u0105c si\u0119 w mi\u0142o\u015bci, stajemy si\u0119 jedno\u015bci\u0105 Polinezyjscy uzdrowiciele, zwani na Hawajach kahunami (na Tahiti tohunami, w Nowej Zelandii tohungami), ju\u017c na wiele stuleci przed pojawieniem si\u0119 wsp\u00f3\u0142czesnej zachodniej psychologii, odkryli \u015bcis\u0142\u0105 wsp\u00f3\u0142zale\u017cno\u015b\u0107 pomi\u0119dzy jakosci\u0105 relacji ze \u015bwiatem, najbli\u017cszym otoczeniem, i z samym sob\u0105, a stanem fizycznego i psychicznego [&hellip;]<!-- AddThis Advanced Settings generic via filter on get_the_excerpt --><!-- AddThis Share Buttons generic via filter on get_the_excerpt --><\/p>\n","protected":false},"author":1,"featured_media":0,"parent":0,"menu_order":1,"comment_status":"closed","ping_status":"open","template":"","meta":{"footnotes":""},"class_list":["post-39","page","type-page","status-publish","hentry"],"_links":{"self":[{"href":"https:\/\/www.integratedlomilomi.com\/pl\/wp-json\/wp\/v2\/pages\/39","targetHints":{"allow":["GET"]}}],"collection":[{"href":"https:\/\/www.integratedlomilomi.com\/pl\/wp-json\/wp\/v2\/pages"}],"about":[{"href":"https:\/\/www.integratedlomilomi.com\/pl\/wp-json\/wp\/v2\/types\/page"}],"author":[{"embeddable":true,"href":"https:\/\/www.integratedlomilomi.com\/pl\/wp-json\/wp\/v2\/users\/1"}],"replies":[{"embeddable":true,"href":"https:\/\/www.integratedlomilomi.com\/pl\/wp-json\/wp\/v2\/comments?post=39"}],"version-history":[{"count":42,"href":"https:\/\/www.integratedlomilomi.com\/pl\/wp-json\/wp\/v2\/pages\/39\/revisions"}],"predecessor-version":[{"id":2489,"href":"https:\/\/www.integratedlomilomi.com\/pl\/wp-json\/wp\/v2\/pages\/39\/revisions\/2489"}],"wp:attachment":[{"href":"https:\/\/www.integratedlomilomi.com\/pl\/wp-json\/wp\/v2\/media?parent=39"}],"curies":[{"name":"wp","href":"https:\/\/api.w.org\/{rel}","templated":true}]}}