{"id":43,"date":"2014-01-28T16:05:32","date_gmt":"2014-01-28T16:05:32","guid":{"rendered":"http:\/\/localhost\/2014%2001_farkas_tamas\/?page_id=43"},"modified":"2024-10-05T05:17:31","modified_gmt":"2024-10-05T05:17:31","slug":"bemutatkozas","status":"publish","type":"page","link":"https:\/\/www.integratedlomilomi.com\/pl\/bemutatkozas-pl\/","title":{"rendered":"O mnie"},"content":{"rendered":"<p><a href=\"http:\/\/www.integratedlomilomi.com\/wp-content\/uploads\/2014\/01\/ja1.png\" rel=\"lightbox[43]\"><img loading=\"lazy\" decoding=\"async\" class=\"alignnone wp-image-1309\" src=\"http:\/\/www.integratedlomilomi.com\/wp-content\/uploads\/2014\/01\/ja1-272x300.png\" alt=\"ja1\" width=\"160\" height=\"176\" srcset=\"https:\/\/www.integratedlomilomi.com\/wp-content\/uploads\/2014\/01\/ja1-272x300.png 272w, https:\/\/www.integratedlomilomi.com\/wp-content\/uploads\/2014\/01\/ja1.png 483w\" sizes=\"auto, (max-width: 160px) 100vw, 160px\" \/><\/a><\/p>\n<p><span style=\"font-family: Cambria,serif;\">Nazywam si\u0119 Witold Stanis\u0142aw Kucharczyk. Mieszkam na W\u0119grzech od 1987 roku. Urodzi\u0142em si\u0119 w Szczecinie i tam, we wczesnych latach 80-tych zacza\u0142em interesowa\u0107 sie hawajsk\u0105 duchowo\u015bci\u0105. Najpierw by\u0142y to proste techniki, zaczerpni\u0119te jeszcze z ksi\u0105\u017cek Longa i Gloovera, wydawanych w\u00f3wczas na powielaczach. Dzia\u0142a\u0142y! Po latach, w 1997 roku spotka\u0142em sie z masa\u017cem Ma-uri, kt\u00f3rego techniczne podstawy pochodzi\u0142y z hawajskich \u017ar\u00f3de\u0142. <\/span><\/p>\n<p><span style=\"font-family: Cambria,serif;\">Nauk\u0119 masa\u017cu rozpocz\u0105\u0142em w 1997 roku u Barbary i Marka Su\u0142kowskich, a od 1999 roku kontynuowa\u0142em j\u0105 w Danii i Nowej Zelandii u Hemiego i Katji Fox. W 2002 zosta\u0142em oficjalnym nauczycielem Ma-uri, i zacz\u0105\u0142em regularnie uczy\u0107, szkol\u0105c do roku 2010 blisko 400 student\u00f3w z romaitych kraj\u00f3w. Wiosn\u0105 2010 zawiesi\u0142em dzia\u0142alnosc nauczyciela Ma-uri, pod koniec lata ostatecznie j\u0105 zako\u0144czy\u0142em. <\/span> <span style=\"font-family: Cambria,serif;\">W miedzyczasie \u2013 gdzie tylko sie da\u0142o \u2013 uczy\u0142em sie lomilomi. Do moich nauczycieli nale\u017celi Susan Pa&#8217;iniu Floyd, poprzez kt\u00f3r\u0105 mog\u0142em zapozna\u0107 si\u0119 z technikami przekazywanymi przez Kahu Abrahama, oraz Auntie Maile Napoleon, kt\u00f3ra uczy\u0142a nas masa\u017cu w swoim rodzinnym domu w Waimea na Wielkiej Wyspie. <\/span><\/p>\n<p><span style=\"font-family: Cambria,serif;\">Moje spotkanie z autentycznym hawajskim ta\u0144cem hula rozpocz\u0119\u0142o si\u0119 od warsztatu prowadzonego przez kumu Raylene Ha&#8217;alelea Kawaiae&#8217;a i Hope Keawe, kr\u00f3re przyj\u0119\u0142y moje zaproszenie i poprowadzi\u0142y warsztat hula w Budapeszcie jesieni\u0105 2008. Ma\u0142em te\u017c zaszczyt uczy\u0107 si\u0119 ho&#8217;oponopono u Haleaka Ioani Pule. <\/span><\/p>\n<p><span style=\"font-family: Cambria,serif;\">Du\u017ce wra\u017cenie zrobi\u0142y na mnie zas\u0142yszane historie o Auntie Margaret Machado, z kt\u00f3r\u0105 niestety nie dane mi by\u0142o sie spotkac osobi\u015bcie. <\/span> Mia\u0142em jednak okazj\u0119 soptka\u0107 si\u0119 z lini\u0105 Auntie Margaret na kursie Mana Lomi<span style=\"font-family: Cambria,serif;\"><span style=\"font-size: xx-small;\">\u00ae<\/span><\/span> prowadzonym przez Maka&#8217;ala Yates.\u00a0 <span style=\"font-family: Cambria,serif;\">Oczywi\u015bcie podstawowym \u017ar\u00f3d\u0142em wiedzy o \u015bwi\u0105tynnym stylu lomilomi jest dla mnie przede wszystkim nie\u017cyj\u0105cy ju\u017c Kahu Abraham Kawai&#8217;i, kt\u00f3rego wiedz\u0119 przekazuje obecnie wielu nauczycieli. <\/span> <span style=\"font-family: Cambria,serif;\">Uczeniem polinezyjskich masa\u017cy zajmuj\u0119 si\u0119 od 2002 roku, a lomilomi od 2008 roku. Opier\u0105jac si\u0119 na kilkunastoletnim do\u015bwiadczeniu i znajomo\u015bci wszelkich znanych mi technik lomilomi stworzy\u0142em pakiet treningowy obejmujacy 4 pi\u0119ciodniowe spotkania, pod nazw\u0105 Integrated Lomilomi<\/span><span style=\"font-family: Cambria,serif;\"><span style=\"font-size: xx-small;\">\u00ae<\/span><\/span><span style=\"font-family: Cambria,serif;\">. <\/span> <span style=\"font-family: Cambria,serif;\">Aloha!<\/span><\/p>\n<p>Witold<\/p>\n<!-- AddThis Advanced Settings generic via filter on the_content --><!-- AddThis Share Buttons generic via filter on the_content -->","protected":false},"excerpt":{"rendered":"<p>Nazywam si\u0119 Witold Stanis\u0142aw Kucharczyk. Mieszkam na W\u0119grzech od 1987 roku. Urodzi\u0142em si\u0119 w Szczecinie i tam, we wczesnych latach 80-tych zacza\u0142em interesowa\u0107 sie hawajsk\u0105 duchowo\u015bci\u0105. Najpierw by\u0142y to proste techniki, zaczerpni\u0119te jeszcze z ksi\u0105\u017cek Longa i Gloovera, wydawanych w\u00f3wczas na powielaczach. Dzia\u0142a\u0142y! Po latach, w 1997 roku spotka\u0142em sie z masa\u017cem Ma-uri, kt\u00f3rego techniczne [&hellip;]<!-- AddThis Advanced Settings generic via filter on get_the_excerpt --><!-- AddThis Share Buttons generic via filter on get_the_excerpt --><\/p>\n","protected":false},"author":1,"featured_media":0,"parent":0,"menu_order":5,"comment_status":"closed","ping_status":"open","template":"","meta":{"footnotes":""},"class_list":["post-43","page","type-page","status-publish","hentry"],"_links":{"self":[{"href":"https:\/\/www.integratedlomilomi.com\/pl\/wp-json\/wp\/v2\/pages\/43","targetHints":{"allow":["GET"]}}],"collection":[{"href":"https:\/\/www.integratedlomilomi.com\/pl\/wp-json\/wp\/v2\/pages"}],"about":[{"href":"https:\/\/www.integratedlomilomi.com\/pl\/wp-json\/wp\/v2\/types\/page"}],"author":[{"embeddable":true,"href":"https:\/\/www.integratedlomilomi.com\/pl\/wp-json\/wp\/v2\/users\/1"}],"replies":[{"embeddable":true,"href":"https:\/\/www.integratedlomilomi.com\/pl\/wp-json\/wp\/v2\/comments?post=43"}],"version-history":[{"count":32,"href":"https:\/\/www.integratedlomilomi.com\/pl\/wp-json\/wp\/v2\/pages\/43\/revisions"}],"predecessor-version":[{"id":2416,"href":"https:\/\/www.integratedlomilomi.com\/pl\/wp-json\/wp\/v2\/pages\/43\/revisions\/2416"}],"wp:attachment":[{"href":"https:\/\/www.integratedlomilomi.com\/pl\/wp-json\/wp\/v2\/media?parent=43"}],"curies":[{"name":"wp","href":"https:\/\/api.w.org\/{rel}","templated":true}]}}