{"id":44,"date":"2014-01-28T16:05:33","date_gmt":"2014-01-28T16:05:33","guid":{"rendered":"http:\/\/localhost\/2014%2001_farkas_tamas\/?page_id=44"},"modified":"2026-03-19T16:13:11","modified_gmt":"2026-03-19T16:13:11","slug":"workshopok","status":"publish","type":"page","link":"https:\/\/www.integratedlomilomi.com\/pl\/workshopok-pl-2\/","title":{"rendered":"Warsztaty"},"content":{"rendered":"<p><\/p>\n<p style=\"text-align: center;\"><strong>Integrated Lomilomi<\/strong><strong>\u00ae <\/strong><\/p>\n<p style=\"text-align: center;\">warsztat Witolda Kucharczyka<\/p>\n<p style=\"text-align: center;\"><strong><a href=\"http:\/\/www.integratedlomilomi.com\/wp-content\/uploads\/2014\/03\/DSC_7093.jpg\" rel=\"lightbox[44]\"><img loading=\"lazy\" decoding=\"async\" class=\"alignnone size-medium wp-image-549\" src=\"http:\/\/www.integratedlomilomi.com\/wp-content\/uploads\/2014\/03\/DSC_7093-300x200.jpg\" alt=\"DSC_7093\" width=\"300\" height=\"200\" srcset=\"https:\/\/www.integratedlomilomi.com\/wp-content\/uploads\/2014\/03\/DSC_7093-300x200.jpg 300w, https:\/\/www.integratedlomilomi.com\/wp-content\/uploads\/2014\/03\/DSC_7093.jpg 900w\" sizes=\"auto, (max-width: 300px) 100vw, 300px\" \/><\/a><\/strong><\/p>\n<p>Celem warsztatu Integrated Lomilomi\u00ae\u00a0 jest przekazanie wiedzy o pochodz\u0105cych z r\u00f3\u017cnych wiarygodnych \u017ar\u00f3de\u0142 technik hawajskiej pracy z cia\u0142em, jak r\u00f3wnie\u017c towarzysz\u0105cym im zasad i duchowych warto\u015bci, zintegrowanych w jedn\u0105, kompletn\u0105 form\u0119 przekazu.<\/p>\n<p>&nbsp;<\/p>\n<p>Duch Aloha, tak charakterystyczny dla Hawaj\u00f3w, duch przyjacielskiej akceptacji, przenikni\u0119ty zdolno\u015bci\u0105 rozpoznawania i kochania boskiego pierwiastka we wszystkich i wszystkim \u2013 niesie ze sob\u0105 miedzy innymi otwarto\u015b\u0107 na wielorako\u015b\u0107 podej\u015b\u0107 do ka\u017cdego zagadnienia.<\/p>\n<p>Nie jest inaczej w przypadku hawajskiej pracy z cia\u0142em, czyli lomilomi. Ile klan\u00f3w, plemion, a nawet rodzin*, tyle rodzaj\u00f3w lomilomi. Ka\u017cdy z praktykuj\u0105cych i ka\u017cdy nauczyciel nieco inaczej podchodzi do zabiegu i podkre\u015bla nieco inne aspekty tej jak\u017ce bogatej w formy i tre\u015bci sztuki.<\/p>\n<p>&nbsp;<\/p>\n<p>Najlepszym, co mo\u017cemy zrobi\u0107 my, niebed\u0105cy rdzennmi Hawajczykami, kt\u00f3rym nie by\u0142o dane w naturalny spos\u00f3b otrzyma\u0107 wiedzy przekazywanej z pokolenia na pokolenie wewn\u0105trz 'ohany, jest czerpanie wiedzy z wszelkich dost\u0119pnych wiarygodnych \u017ar\u00f3de\u0142 i nieustannie ja pog\u0142\u0119bia\u0107!<\/p>\n<p>&nbsp;<\/p>\n<p>&#8212;&#8212;&#8212;&#8212;&#8211;<\/p>\n<p>*ka\u017cda z tych form bycia razem to <em>&#8217;ohana<\/em>, czyli rodzina, w w\u0119\u017cszym lub szerszym znaczeniu tego s\u0142owa.<\/p>\n<p>&nbsp;<\/p>\n<p><strong>Nazwa warsztat\u00f3w<\/strong><\/p>\n<p>&nbsp;<\/p>\n<p>Cykl warsztat\u00f3w otrzyma\u0142 nazw\u0119 Integrated Lomilomi\u00ae,\u00a0 poniewa\u017c rzeczywi\u015bcie integruje starannie wybrane techniki hawajskiej pracy z cia\u0142em, pochodz\u0105ce z r\u00f3\u017cnych hawajskich \u017ar\u00f3de\u0142. Ka\u017cde z nich mia\u0142o w sobie co\u015b szczeg\u00f3lnie mocnego i pi\u0119knego, ka\u017cde nieco inaczej podchodzi\u0142o do danej techniki. Z poznanych przeze mnie technik wybra\u0142em te, kt\u00f3re uwa\u017ca\u0142em za najlepsze i<\/p>\n<p>z\u0142o\u017cy\u0142em w jedn\u0105 sp\u00f3jn\u0105 ca\u0142o\u015b\u0107, cho\u0107 oczywi\u015bcie system nauczania ka\u017cdej ze szk\u00f3\u0142 jest sam w sobie kompletny i pe\u0142ny.<\/p>\n<p>Tak wi\u0119c mo\u017cna potraktowac nauczany przeze mnie &#8222;pakiet&#8221; jako subiektywny wyb\u00f3r spo\u015br\u00f3d wielu alternatywnych i kompatybilnych ze sob\u0105 mo\u017cliwosci, tworz\u0105cy w rezultacie pe\u0142ny i harmonijny masa\u017c lomilomi.<\/p>\n<p>Osoby, kt\u00f3re nie szcz\u0119dz\u0105c czasu i energii przyswoj\u0105 sobie t\u0119 wiedz\u0119, bed\u0105 w stanie wykona\u0107 kompleksowy 1-2- lub nawet 3 godzinny masa\u017c, wraz z praktycznym zastosowaniem jego duchowych aspekt\u00f3w. Uczymy si\u0119 te\u017c specjalnych zastosowa\u0144 lomilomi, jak praca z gor\u0105cym r\u0119cznikiem, kamieniami, wod\u0105, sol\u0105, mu\u0142em, glin\u0105 itp.<\/p>\n<p>&nbsp;<\/p>\n<p>Uczniowie zach\u0119cani sa do studiowania wa\u017cnych, uzupe\u0142niajacych dziedzin, jak: anatomia, taniec hula i hawajska sztuka uzdrawiania relacji, czyli ho&#8217;oponopono.<\/p>\n<p>&nbsp;<\/p>\n<p><strong>Lomilomi. lomi lomi, czy lomi-lomi? <\/strong><\/p>\n<p>&nbsp;<\/p>\n<p>Wszystkie trzy formy pisowni s\u0105 poprawne i z ka\u017cd\u0105 z nich mo\u017cemy si\u0119 spotka\u0107. Hawajsko-angielski s\u0142ownik online wehewehe.org podaje dwa rodzaje pisowni: lomi i lomilomi. U\u017cywamy s\u0142owa lomilomi pisanego ma\u0142\u0105 litera, kiedy mowa jest o hawajskich masa\u017cach w og\u00f3le, du\u017c\u0105 liter\u0105 natomiast w nazwie Integrated Lomilomi\u00ae,\u00a0 kiedy mowa jest o wyodr\u0119bnionej formie nauczania i wykonywanych na jej podstawie zabieg\u00f3w.<\/p>\n<p>&nbsp;<\/p>\n<p><strong>O pracy z cialem<\/strong><\/p>\n<p>&nbsp;<\/p>\n<p>Integrated Lomilomi\u00ae zawiera w sobie techniki hawajskich \u015bwi\u0105tynnych masa\u017cy,\u00a0 pracy z cia\u0142em &#8211; a w\u0142a\u015bciwie techniki pracy poprzez cia\u0142o &#8211; ze \u015bwiadomo\u015bci\u0105, pod\u015bwiadomo\u015bci\u0105, nad\u015bwiadomo\u015bci\u0105, losem, przodkami&#8230;<\/p>\n<p>Dawniej takie zabiegi odbywa\u0142y si\u0119 w przeznaczonych do tego celu \u015bwi\u0119tych miejscach. Jest to r\u00f3wnie\u017c i dzisiaj podstawowym warunkiem wst\u0119pnym: umiej\u0119tno\u015b\u0107 stworzenia specjalnej, u\u015bwi\u0119conej przestrzeni do procesu samouzdrawiania pacjenta, umiej\u0119tno\u015b\u0107 dostrze\u017cenia pierwiastka boskiego w sobie i w pacjencie, umiej\u0119tno\u015b\u0107 dopuszczenia go na plan pierwszy, przy wycofaniu na plan drugi naszych w\u0142asnych preferencji, w\u0142asnej osobowo\u015bci&#8230;<\/p>\n<p>&nbsp;<\/p>\n<p>Celem zabieg\u00f3w jest uzyskanie harmonii pomi\u0119dzy cia\u0142em, umys\u0142em i duchem, czego jakby mimowolnym rezultatem jest samouzdrawianie.<\/p>\n<p>Zabieg lomilomi mo\u017cne efektywnie usun\u0105\u0107 stres i napi\u0119cie, kt\u00f3re u\u017cywamy do utrzymywania i zasilania starych wzorc\u00f3w zachowa\u0144, reakcji, dlatego te\u017c nierzadko mo\u017cemy prze\u017cy\u0107 zabieg jako &#8222;rytua\u0142 przej\u015bcia&#8221;, moment wkroczenia w nowy rozdzia\u0142 \u017cycia, zrzucenia &#8222;starej sk\u00f3ry&#8221;.<\/p>\n<p>Tradycyjnie takiemu obrz\u0119dowi towarzyszy\u0142y: pie\u015bni, modlitwy, stosowane by\u0142y ro\u015bliny lecznicze i ho&#8217;oponopono, czyli uzdrawianie relacji. Ca\u0142o\u015b\u0107 mog\u0142a trwa\u0107 kilka dni albo i d\u0142u\u017cej!<\/p>\n<p>&nbsp;<\/p>\n<p>Cytuj\u0105c w wolnym t\u0142umaczeniu jedn\u0105 z moich nauczycielek Susan Pa&#8217;iniu Floyd:<\/p>\n<p><em>&#8222;Bycie zdrowym (ola) oznacza, ze kom\u00f3rki cia\u0142a wibruj\u0105 szybko, innymi s\u0142owy: energia swobodnie przep\u0142ywa przez cia\u0142o. Choroba (ma&#8217;i) zachodzi w\u00f3wczas, gdy taki przep\u0142yw zostaje zablokowany lub jest ograniczony przez d\u0142u\u017cszy czas.\u00a0 <\/em><\/p>\n<p><em>W \u015bwi\u0105tynnym stylu masa\u017cu lomilomi masa\u017cysta jest tancerzem, a osoba masowana &#8211; choreografem. Dlatego taniec za ka\u017cdym razem jest inny. Uczymy si\u0119 podstawowych ruch\u00f3w masa\u017cu, do tego dochodzi umiej\u0119tno\u015b\u0107 skupienia uwagi, mi\u0142o\u015b\u0107 i szacunek, jako szczeg\u00f3lnie wa\u017cne elementy nauki. W ko\u0144cu &#8211; rozwijanie zaufania do sztuki czytania informacji pochodz\u0105cych z cia\u0142a osoby masowanej. Jednakowo wa\u017cnym jest ws\u0142uchiwa\u0107 si\u0119 we w\u0142asne cia\u0142o, kt\u00f3re studiujemy jak map\u0119, w celu zrozumienia, w jaki spos\u00f3b uwalnia ono blokady. Tak wiec podczas treningu sp\u0119dzamy wiele czasu na \u0107wiczeniach uruchamiaj\u0105cych swobodny przep\u0142yw energii w naszym ciele.<\/em><\/p>\n<p><em>Rozwijanie umiej\u0119tno\u015bci pomagania samemu sobie prowadzi do efektywnej mo\u017cliwo\u015bci pomagania innym.\u201d<\/em><\/p>\n<p>&nbsp;<\/p>\n<p>W dawnych czasach Hawajczycy w wa\u017cnych momentach \u017cycia, takich jak: rytua\u0142 wej\u015bcia w doros\u0142o\u015b\u0107, obj\u0119cie wa\u017cnej funkcji spo\u0142ecznej, choroba, \u017ca\u0142oba czy potrzeba zmiany kierunku \u017cycia, zwracali si\u0119 do odpowiedniego specjalisty <em>(kahuna)<\/em>, aby za pomoc\u0105 jego wiedzy uwolni\u0107 si\u0119 od stresu, obaw, napie\u0107, egocentrycznego postrzegania \u015bwiata.<\/p>\n<p>Celem\u00a0 takiego zabiegu by\u0142a fundamentalna zmiana element\u00f3w osobowo\u015bci i tworzonych przy ich wsp\u00f3\u0142udziale sytuacji \u017cyciowych. Stare wzorce zast\u0119powane by\u0142y nowymi\u00a0 &#8211; \u015bwiadomie wybranymi. Celem by\u0142o te\u017c rozpoznanie pierwiastka duchowego, boskiego, jako pierwotnej si\u0142y tw\u00f3rczej obecnej we wszystkim.<\/p>\n<p>Zabieg w najszerszym jego znaczeniu s\u0142u\u017cy\u0142 ponownemu zjednoczeniu z nie\u015bmiertelnym boskim pierwiastkiem w nas, na drodze czego staj\u0105 ignorancja, strach, skostnia\u0142e nawyki, przekonania, utrwalone w pami\u0119ci traumy czy zanieczyszczone po\u0142\u0105czenia <em>(aka)<\/em> \u0142\u0105cz\u0105ce wszystko ze wszystkim.<\/p>\n<p>Celem zbiegu by\u0142o r\u00f3wnie\u017c oczyszczenie swobodnego dost\u0119pu do wiedzy Przodk\u00f3w i pami\u0119ci genetycznej.<\/p>\n<p>Masa\u017c lomilomi jest ju\u017c dobrze znany r\u00f3wnie\u017c poza Hawajami. Liczne resorty Wellness i Spa uzna\u0142y go za idealny \u015brodek na z\u0142agodzenie negatywnych skutk\u00f3w nowoczesnego stylu \u017cycia, ci\u0105g\u0142ej pogoni za czym\u015b do osi\u0105gni\u0119cia, w kt\u00f3rej to zapominamy o rzeczach najwa\u017cniejszych, do\u015bwiadczamy wypalenia lub stan\u00f3w depresyjnych.<\/p>\n<p>Wa\u017cnym jest, aby masa\u017cysta zatroszczy\u0142 si\u0119 o odpowiednia atmosfer\u0119 do procesu samouzdrawiania, gdy\u017c uzdrowicielem jest tu pacjent, kt\u00f3rego zharmonizowana \u015bwiadomo\u015b\u0107, pod\u015bwiadomo\u015b\u0107 i nad\u015bwiadomo\u015b\u0107 podejmuje decyzje o uzdrowieniu, przewarto\u015bciowaniu starych przekona\u0144, tendencji czy orientacji.<\/p>\n<p>I cho\u0107 zachodnia kultura nierzadko degraduje tak\u0105 prac\u0119 z cia\u0142em (w jej uproszczonych formach) do us\u0142ugi rynkowej, to jednak prawdziwe lomilomi jest rodzajem duchowej sztuki leczniczego dotyku. Nieroz\u0142\u0105czn\u0105 jej cech\u0105 jest nieustanne piel\u0119gnowanie ducha aloha.<\/p>\n<p>Jak mawia\u0142a Auntie Margaret Machado: \u201e<em>Je\u015bli twoja d\u0142o\u0144 jest delikatna i kochaj\u0105ca, pacient poczuje szczero\u015b\u0107 twojego serca. Jego duch wyjdzie na przeciw twojemu duchowi. B\u0119dzie widzia\u0142, \u017ce go kochasz i rozlu\u017ani si\u0119.\u201d<\/em><\/p>\n<p><em>\u00a0<\/em><\/p>\n<p><strong>Czego mog\u0119 oczekiwa\u0107 od kursu? Co zawiera i jakimi umiejetno\u015bciami b\u0119d\u0119 dysponowa\u0107 po jego zako\u0144czeniu?<\/strong><\/p>\n<p><strong>\u00a0<\/strong><\/p>\n<p>Podczas kursu nauczymy si\u0119 masa\u017cu lomilomi w pe\u0142nym zakresie i rozmaitych jego zastosowaniach, co pozwoli na wykonanie takiego masa\u017cu w wersji 1, 1,5, 2, i 3 godzinnej.<\/p>\n<p>Kurs zawiera r\u00f3wnie\u017c: elementy ta\u0144ca hula, prac\u0119 z \u017cywio\u0142ami, u\u017cycie kamieni, gor\u0105cych r\u0119cznik\u00f3w, gliny, soli i wiele innych element\u00f3w.<\/p>\n<p>Kurs sk\u0142ada si\u0119 z 4 pi\u0119ciodniowych warsztat\u00f3w, po 40 godzin ka\u017cdy, razem 160 godzin. Aby wzi\u0105\u0107 w nim udzia\u0142, nie jest potrzebne \u017cadne wcze\u015bniejsze przygotowanie. Potrzebne jest na pewno szczere otwarcie na wiedz\u0119, szacunek dla kultury hawajskiej oraz do pozosta\u0142ych uczestnik\u00f3w kursu, umiej\u0119tno\u015b\u0107 rozr\u00f3\u017cnienia i uszanowania form sakralnych.<\/p>\n<p>Kurs przeznaczony jest tak\u017ce dla tych, kt\u00f3rzy chc\u0105 wzi\u0105\u0107 swoje \u017cycie we w\u0142asne r\u0119ce, podzieli\u0107 si\u0119 dobroczynnym efektem masa\u017cu z innymi, czy to w formie hobby, czy to w formie nowej, daj\u0105cej wiele rado\u015bci pracy.<\/p>\n<p style=\"text-align: center;\"><a href=\"http:\/\/www.integratedlomilomi.com\/wp-content\/uploads\/2014\/01\/DSC_7212.jpg\" rel=\"lightbox[44]\"><img loading=\"lazy\" decoding=\"async\" class=\"alignnone size-medium wp-image-751\" src=\"http:\/\/www.integratedlomilomi.com\/wp-content\/uploads\/2014\/01\/DSC_7212-300x200.jpg\" alt=\"DSC_7212\" width=\"300\" height=\"200\" srcset=\"https:\/\/www.integratedlomilomi.com\/wp-content\/uploads\/2014\/01\/DSC_7212-300x200.jpg 300w, https:\/\/www.integratedlomilomi.com\/wp-content\/uploads\/2014\/01\/DSC_7212.jpg 900w\" sizes=\"auto, (max-width: 300px) 100vw, 300px\" \/><\/a><\/p>\n<p>&nbsp;<\/p>\n<p><strong>Warsztat Integrated Lomilomi<\/strong><strong>\u00ae <\/strong><\/p>\n<p>&nbsp;<\/p>\n<p><strong>Poziom podstawowy (poz.1 i 2: 2&#215;5 dni)<\/strong><\/p>\n<p>&nbsp;<\/p>\n<p>&#8211;\u00a0\u00a0\u00a0\u00a0\u00a0\u00a0\u00a0 praca z rozci\u0105ganiem staw\u00f3w (stretching)<\/p>\n<p>&#8211;\u00a0\u00a0\u00a0\u00a0\u00a0\u00a0\u00a0 lomilomi masa\u017c ca\u0142ego cia\u0142a w wersji podstawowej<\/p>\n<p>&#8211;\u00a0\u00a0\u00a0\u00a0 podstawowe, pochodz\u0105ce ze \u015bwi\u0105tynnych masa\u017cy kroki u\u017cywane przy masa\u017cu<\/p>\n<p>&nbsp;<\/p>\n<p>&nbsp;<\/p>\n<p><strong>Poziom \u015bredniozaawansowany (poz. 3: 5 dni)<\/strong><\/p>\n<p>&nbsp;<\/p>\n<p>&#8211;\u00a0\u00a0\u00a0\u00a0\u00a0\u00a0\u00a0 zaawansowane techniki i chwyty w masa\u017cu<\/p>\n<p>&#8211;\u00a0\u00a0\u00a0\u00a0\u00a0\u00a0\u00a0 masa\u017c na cztery r\u0119ce<\/p>\n<p>&#8211;\u00a0\u00a0\u00a0\u00a0\u00a0\u00a0\u00a0 b\u0142ogos\u0142awie\u0144stwa hawajskie i wprowadzenie do duchowej strony masa\u017cu<\/p>\n<p>&#8211;\u00a0\u00a0\u00a0\u00a0\u00a0\u00a0\u00a0 energetyzuj\u0105ce \u0107wiczenia oddechowe<\/p>\n<p>&#8211;\u00a0\u00a0\u00a0\u00a0\u00a0\u00a0\u00a0 praca z \u017cywio\u0142ami<\/p>\n<p>&#8211;\u00a0\u00a0\u00a0\u00a0\u00a0\u00a0\u00a0 Lomi lole (wersja masa\u017cu w ubraniu)<\/p>\n<p>&#8211;\u00a0\u00a0\u00a0\u00a0\u00a0\u00a0\u00a0 masa\u017c bezdotykowy<\/p>\n<p>&nbsp;<\/p>\n<p><strong>Poziom zaawansowany (poz. 4: 5 dni)<\/strong><\/p>\n<p>&nbsp;<\/p>\n<p>&#8211;\u00a0\u00a0\u00a0\u00a0\u00a0\u00a0\u00a0 techniki wolnego przep\u0142ywu<\/p>\n<p>&#8211;\u00a0\u00a0\u00a0\u00a0\u00a0\u00a0\u00a0 Lomi 'ili 'ili\u00a0\u00a0 &#8211; masa\u017c z u\u017cyciem kamieni<\/p>\n<p>&#8211;\u00a0\u00a0\u00a0\u00a0\u00a0\u00a0\u00a0 Lomi Kupanaha &#8211; odstresowanie za pomoc\u0105 gor\u0105cego r\u0119cznika<\/p>\n<p>&#8211;\u00a0\u00a0\u00a0\u00a0\u00a0\u00a0\u00a0 Lomi Pa&#8217;akai &#8211; u\u017cycie soli (a tak\u017ce gliny i mu\u0142u)<\/p>\n<p>&#8211;\u00a0\u00a0\u00a0\u00a0\u00a0\u00a0\u00a0 \u0107wiczenia uwra\u017cliwiaj\u0105ce zmys\u0142y<\/p>\n<p>&#8211;\u00a0\u00a0\u00a0\u00a0\u00a0\u00a0\u00a0 masowanie pacienta w pozycji le\u017cenia na boku<\/p>\n<p>&#8211;\u00a0\u00a0\u00a0\u00a0\u00a0\u00a0\u00a0 energetyzuj\u0105ce \u0107wiczenia oddechowe<\/p>\n<p>&nbsp;<\/p>\n<p>Terminy<\/p>\n<div>\n<div><\/div>\n<\/div>\n<div>\n<div>\n<div><\/div>\n<div>Dost\u0119pne kursy na W\u0119grzech<\/div>\n<div>\n<div>\n<div><span style=\"color: #008000;\"><strong>2026<\/strong><\/span><\/div>\n<div><\/div>\n<div><\/div>\n<div>\n<div><strong><span style=\"color: #008000;\">Kisnyalka (intensywne odosobnienie wyjazdowe)<\/span><\/strong>Poziom 3: 25-29 marca<\/div>\n<div><strong><span style=\"color: #008000;\">Kisnyalka (intensywne odosobnienie wyjazdowe)<\/span><\/strong>Poziom 4: 6-10 maja<\/div>\n<\/div>\n<div><\/div>\n<div><span style=\"color: #0000ff;\"><strong>Polska, Gdynia<\/strong><\/span><\/div>\n<div>\nPoziom 2: 25 lutego- 3 marca. (Prowadzi: Magda Czarny)<\/div>\n<\/div>\n<\/div>\n<div>***<\/div>\n<div><\/div>\n<\/div>\n<div>\n<div><span style=\"color: #008000;\"><strong>Budapeszt<\/strong><\/span><\/div>\n<div>Poziom 1: 29 sierpnia- 02 wrze\u015bnia (Prowadzi: Witold Kucharczyk)<\/div>\n<div>Poziom 2: 23-27 wrze\u015bnia (Prowadzi: Witold Kucharczyk)<\/div>\n<div><span style=\"color: #008000;\"><strong>Kisnyalka (intensywne odosobnienie wyjazdowe)<\/strong><\/span> 4-8 listopada (Prowadzi: Witold Kucharczyk)<\/div>\n<div><span style=\"color: #008000;\"><strong>Kisnyalka (intensywne odosobnienie wyjazdowe)<\/strong>\u00a0<\/span>2-6 grudnia (Prowadzi: Witold Kucharczyk)<\/div>\n<\/div>\n<div>\n<div>\n<div><\/div>\n<div><strong>Ceny<\/strong><\/div>\n<div>kursy w Budapeszcie: 115,000 HUF lub odpowiednik w PLN za ka\u017cdy poziom. Ka\u017cdy z uczestnik\u00f3w we w\u0142asnym zakresie troszczy si\u0119 o nocleg (13.dzielnica) i swoje wy\u017cywienie.<\/div>\n<div>Kursy wyjazdowe w Kisnyalka: 115,000 HUF lub odpowiednik w PLN za ka\u017cdy poziom. Nocleg: dodatkowo 48.000 HUF. Na kursach wyjazdowych studenci wsp\u00f3lnie kupuj\u0105 produkty spo\u017cywcze i wsp\u00f3lnie przygotowuj\u0105 posi\u0142ki.<\/div>\n<div><\/div>\n<\/div>\n<\/div>\n<div>\n<div>&#8211;<\/div>\n<div>Zg\u0142oszenia e-mailem na adres: witold.kucharczyk (ma\u0142pa) gmail.com<\/div>\n<\/div>\n<div>Wp\u0142aty za kurs przelewem:<\/div>\n<div>\n<p>Witold Stanislaw Kucharczyk IBAN:\u00a0HU94 1620 0144 1851 0762 0000 0000<\/p>\n<p><span style=\"color: #1f1f1f; background: white;\">\u00a0SWIFT-Code: <\/span><span style=\"color: #040c28;\">HBWEHUHBXXX<\/span><span style=\"color: #1f1f1f; background: white;\"> Magnet Bank<\/span><\/p>\n<\/div>\n<div><\/div>\n<\/div>\n<p>&nbsp;<\/p>\n<p>Photo galery: <a href=\"http:\/\/www.integratedlomilomi.com\/hu\/galeria-bodywork\/?nggpage=2\" target=\"_blank\" rel=\"noopener noreferrer\">click here<\/a><\/p>\n<!-- AddThis Advanced Settings generic via filter on the_content --><!-- AddThis Share Buttons generic via filter on the_content -->","protected":false},"excerpt":{"rendered":"<p>Integrated Lomilomi\u00ae warsztat Witolda Kucharczyka Celem warsztatu Integrated Lomilomi\u00ae\u00a0 jest przekazanie wiedzy o pochodz\u0105cych z r\u00f3\u017cnych wiarygodnych \u017ar\u00f3de\u0142 technik hawajskiej pracy z cia\u0142em, jak r\u00f3wnie\u017c towarzysz\u0105cym im zasad i duchowych warto\u015bci, zintegrowanych w jedn\u0105, kompletn\u0105 form\u0119 przekazu. &nbsp; Duch Aloha, tak charakterystyczny dla Hawaj\u00f3w, duch przyjacielskiej akceptacji, przenikni\u0119ty zdolno\u015bci\u0105 rozpoznawania i kochania boskiego pierwiastka we [&hellip;]<!-- AddThis Advanced Settings generic via filter on get_the_excerpt --><!-- AddThis Share Buttons generic via filter on get_the_excerpt --><\/p>\n","protected":false},"author":1,"featured_media":0,"parent":0,"menu_order":6,"comment_status":"closed","ping_status":"open","template":"","meta":{"footnotes":""},"class_list":["post-44","page","type-page","status-publish","hentry"],"_links":{"self":[{"href":"https:\/\/www.integratedlomilomi.com\/pl\/wp-json\/wp\/v2\/pages\/44","targetHints":{"allow":["GET"]}}],"collection":[{"href":"https:\/\/www.integratedlomilomi.com\/pl\/wp-json\/wp\/v2\/pages"}],"about":[{"href":"https:\/\/www.integratedlomilomi.com\/pl\/wp-json\/wp\/v2\/types\/page"}],"author":[{"embeddable":true,"href":"https:\/\/www.integratedlomilomi.com\/pl\/wp-json\/wp\/v2\/users\/1"}],"replies":[{"embeddable":true,"href":"https:\/\/www.integratedlomilomi.com\/pl\/wp-json\/wp\/v2\/comments?post=44"}],"version-history":[{"count":368,"href":"https:\/\/www.integratedlomilomi.com\/pl\/wp-json\/wp\/v2\/pages\/44\/revisions"}],"predecessor-version":[{"id":2545,"href":"https:\/\/www.integratedlomilomi.com\/pl\/wp-json\/wp\/v2\/pages\/44\/revisions\/2545"}],"wp:attachment":[{"href":"https:\/\/www.integratedlomilomi.com\/pl\/wp-json\/wp\/v2\/media?parent=44"}],"curies":[{"name":"wp","href":"https:\/\/api.w.org\/{rel}","templated":true}]}}