{"id":445,"date":"2014-03-19T08:45:26","date_gmt":"2014-03-19T08:45:26","guid":{"rendered":"http:\/\/www.integratedlomilomi.com\/?page_id=445"},"modified":"2014-06-19T07:21:19","modified_gmt":"2014-06-19T07:21:19","slug":"galeria-bodywork","status":"publish","type":"page","link":"https:\/\/www.integratedlomilomi.com\/pl\/galeria-bodywork\/","title":{"rendered":"Galeria &#8211; Bodywork"},"content":{"rendered":"<p class=\"qtranxs-available-languages-message qtranxs-available-languages-message-pl\">Nem el\u00e9rhet\u0151 lengyel\u00fcl<\/p>","protected":false},"excerpt":{"rendered":"<p>Nem el\u00e9rhet\u0151 lengyel\u00fcl<!-- AddThis Advanced Settings generic via filter on get_the_excerpt --><!-- AddThis Share Buttons generic via filter on get_the_excerpt --><\/p>\n","protected":false},"author":1,"featured_media":0,"parent":0,"menu_order":0,"comment_status":"closed","ping_status":"open","template":"","meta":{"footnotes":""},"class_list":["post-445","page","type-page","status-publish","hentry"],"_links":{"self":[{"href":"https:\/\/www.integratedlomilomi.com\/pl\/wp-json\/wp\/v2\/pages\/445","targetHints":{"allow":["GET"]}}],"collection":[{"href":"https:\/\/www.integratedlomilomi.com\/pl\/wp-json\/wp\/v2\/pages"}],"about":[{"href":"https:\/\/www.integratedlomilomi.com\/pl\/wp-json\/wp\/v2\/types\/page"}],"author":[{"embeddable":true,"href":"https:\/\/www.integratedlomilomi.com\/pl\/wp-json\/wp\/v2\/users\/1"}],"replies":[{"embeddable":true,"href":"https:\/\/www.integratedlomilomi.com\/pl\/wp-json\/wp\/v2\/comments?post=445"}],"version-history":[{"count":4,"href":"https:\/\/www.integratedlomilomi.com\/pl\/wp-json\/wp\/v2\/pages\/445\/revisions"}],"predecessor-version":[{"id":591,"href":"https:\/\/www.integratedlomilomi.com\/pl\/wp-json\/wp\/v2\/pages\/445\/revisions\/591"}],"wp:attachment":[{"href":"https:\/\/www.integratedlomilomi.com\/pl\/wp-json\/wp\/v2\/media?parent=445"}],"curies":[{"name":"wp","href":"https:\/\/api.w.org\/{rel}","templated":true}]}}