{"id":621,"date":"2014-08-17T13:39:35","date_gmt":"2014-08-17T13:39:35","guid":{"rendered":"http:\/\/www.integratedlomilomi.com\/?page_id=621"},"modified":"2017-03-19T13:40:05","modified_gmt":"2017-03-19T13:40:05","slug":"hu-irasok","status":"publish","type":"page","link":"https:\/\/www.integratedlomilomi.com\/pl\/en-hu-irasok\/","title":{"rendered":"(HU) \u00cdr\u00e1sok"},"content":{"rendered":"<p class=\"qtranxs-available-languages-message qtranxs-available-languages-message-pl\">Nem el\u00e9rhet\u0151 lengyel\u00fcl<\/p>","protected":false},"excerpt":{"rendered":"<p>Nem el\u00e9rhet\u0151 lengyel\u00fcl<!-- AddThis Advanced Settings generic via filter on get_the_excerpt --><!-- AddThis Share Buttons generic via filter on get_the_excerpt --><\/p>\n","protected":false},"author":1,"featured_media":0,"parent":0,"menu_order":0,"comment_status":"closed","ping_status":"open","template":"","meta":{"footnotes":""},"class_list":["post-621","page","type-page","status-publish","hentry"],"_links":{"self":[{"href":"https:\/\/www.integratedlomilomi.com\/pl\/wp-json\/wp\/v2\/pages\/621","targetHints":{"allow":["GET"]}}],"collection":[{"href":"https:\/\/www.integratedlomilomi.com\/pl\/wp-json\/wp\/v2\/pages"}],"about":[{"href":"https:\/\/www.integratedlomilomi.com\/pl\/wp-json\/wp\/v2\/types\/page"}],"author":[{"embeddable":true,"href":"https:\/\/www.integratedlomilomi.com\/pl\/wp-json\/wp\/v2\/users\/1"}],"replies":[{"embeddable":true,"href":"https:\/\/www.integratedlomilomi.com\/pl\/wp-json\/wp\/v2\/comments?post=621"}],"version-history":[{"count":10,"href":"https:\/\/www.integratedlomilomi.com\/pl\/wp-json\/wp\/v2\/pages\/621\/revisions"}],"predecessor-version":[{"id":1515,"href":"https:\/\/www.integratedlomilomi.com\/pl\/wp-json\/wp\/v2\/pages\/621\/revisions\/1515"}],"wp:attachment":[{"href":"https:\/\/www.integratedlomilomi.com\/pl\/wp-json\/wp\/v2\/media?parent=621"}],"curies":[{"name":"wp","href":"https:\/\/api.w.org\/{rel}","templated":true}]}}